{"id":1991,"date":"2026-01-29T13:00:00","date_gmt":"2026-01-29T12:00:00","guid":{"rendered":"https:\/\/www.derbio.com\/nicht-standard-sonderausfuehrungen\/"},"modified":"2026-01-30T15:44:01","modified_gmt":"2026-01-30T14:44:01","slug":"nicht-standard-sonderausfuehrungen","status":"publish","type":"page","link":"https:\/\/www.derbio.com\/de\/nicht-standard-sonderausfuehrungen\/","title":{"rendered":"Nicht-Standard &#8211; Sonderausf\u00fchrungen"},"content":{"rendered":"\t\t<div data-elementor-type=\"wp-page\" data-elementor-id=\"1991\" class=\"elementor elementor-1991 elementor-1691\" data-elementor-post-type=\"page\">\n\t\t\t\t<div class=\"elementor-element elementor-element-14db5a8 e-flex e-con-boxed e-con e-parent\" data-id=\"14db5a8\" data-element_type=\"container\" data-e-type=\"container\">\n\t\t\t\t\t<div class=\"e-con-inner\">\n\t\t\t\t\t<\/div>\n\t\t\t\t<\/div>\n\t\t<div class=\"elementor-element elementor-element-126742d e-flex e-con-boxed e-con e-parent\" data-id=\"126742d\" data-element_type=\"container\" data-e-type=\"container\" id=\"esecuzioni-fuori-standard\">\n\t\t\t\t\t<div class=\"e-con-inner\">\n\t\t<div class=\"elementor-element elementor-element-7862c9c e-flex e-con-boxed e-con e-child\" data-id=\"7862c9c\" data-element_type=\"container\" data-e-type=\"container\">\n\t\t\t\t\t<div class=\"e-con-inner\">\n\t\t<div class=\"elementor-element elementor-element-48d2c2b e-con-full e-flex e-con e-child\" data-id=\"48d2c2b\" data-element_type=\"container\" data-e-type=\"container\">\n\t\t<div class=\"elementor-element elementor-element-1066f09 e-con-full e-flex e-con e-child\" data-id=\"1066f09\" data-element_type=\"container\" data-e-type=\"container\">\n\t\t\t\t<div class=\"elementor-element elementor-element-0446aab elementor-invisible elementor-widget elementor-widget-heading\" data-id=\"0446aab\" data-element_type=\"widget\" data-e-type=\"widget\" data-settings=\"{&quot;_animation&quot;:&quot;fadeIn&quot;}\" data-widget_type=\"heading.default\">\n\t\t\t\t<div class=\"elementor-widget-container\">\n\t\t\t\t\t<h1 class=\"elementor-heading-title elementor-size-default\">SONDERAUSF\u00dcHRUNGEN - Spezialtransformatoren<\/h1>\t\t\t\t<\/div>\n\t\t\t\t<\/div>\n\t\t\t\t<div class=\"elementor-element elementor-element-b092634 elementor-invisible elementor-widget elementor-widget-heading\" data-id=\"b092634\" data-element_type=\"widget\" data-e-type=\"widget\" data-settings=\"{&quot;_animation&quot;:&quot;fadeIn&quot;,&quot;_animation_delay&quot;:200}\" data-widget_type=\"heading.default\">\n\t\t\t\t<div class=\"elementor-widget-container\">\n\t\t\t\t\t<h1 class=\"elementor-heading-title elementor-size-default\">Nicht standardm\u00e4\u00dfige Ausf\u00fchrungen<\/h1>\t\t\t\t<\/div>\n\t\t\t\t<\/div>\n\t\t\t\t<div class=\"elementor-element elementor-element-59c1b5d elementor-widget elementor-widget-text-editor\" data-id=\"59c1b5d\" data-element_type=\"widget\" data-e-type=\"widget\" data-widget_type=\"text-editor.default\">\n\t\t\t\t<div class=\"elementor-widget-container\">\n\t\t\t\t\t\t\t\t\t<p>Wassergek\u00fchlte Transformatoren f\u00fcr Punktschwei\u00dfger\u00e4te, Wicklungen f\u00fcr Induktionsheizungen, Ausgangsfilter f\u00fcr Hochleistungsantriebe: Dies sind nur einige Beispiele f\u00fcr einen immer wichtiger werdenden Teil der Produktion von Derbio. Jede Komponente wird in enger Zusammenarbeit mit dem Kunden entwickelt, auch bei begrenzten Produktionsmengen, um spezialisierte und ma\u00dfgeschneiderte L\u00f6sungen zu gew\u00e4hrleisten. <\/p>\t\t\t\t\t\t\t\t<\/div>\n\t\t\t\t<\/div>\n\t\t\t\t<\/div>\n\t\t<div class=\"elementor-element elementor-element-656b032 e-con-full e-flex e-con e-child\" data-id=\"656b032\" data-element_type=\"container\" data-e-type=\"container\">\n\t\t\t\t<div class=\"elementor-element elementor-element-87238c8 elementor-widget elementor-widget-image\" data-id=\"87238c8\" data-element_type=\"widget\" data-e-type=\"widget\" data-widget_type=\"image.default\">\n\t\t\t\t<div class=\"elementor-widget-container\">\n\t\t\t\t\t\t\t\t\t\t\t\t\t\t\t<img fetchpriority=\"high\" decoding=\"async\" width=\"800\" height=\"625\" src=\"https:\/\/www.derbio.com\/wp-content\/uploads\/2024\/09\/IMG_0593_MOD-1024x800.webp\" class=\"attachment-large size-large wp-image-1940\" alt=\"\" srcset=\"https:\/\/www.derbio.com\/wp-content\/uploads\/2024\/09\/IMG_0593_MOD-1024x800.webp 1024w, https:\/\/www.derbio.com\/wp-content\/uploads\/2024\/09\/IMG_0593_MOD-300x234.webp 300w, https:\/\/www.derbio.com\/wp-content\/uploads\/2024\/09\/IMG_0593_MOD-768x600.webp 768w, https:\/\/www.derbio.com\/wp-content\/uploads\/2024\/09\/IMG_0593_MOD-1536x1199.webp 1536w, https:\/\/www.derbio.com\/wp-content\/uploads\/2024\/09\/IMG_0593_MOD.webp 1647w\" sizes=\"(max-width: 800px) 100vw, 800px\" \/>\t\t\t\t\t\t\t\t\t\t\t\t\t\t\t<\/div>\n\t\t\t\t<\/div>\n\t\t\t\t<\/div>\n\t\t\t\t<\/div>\n\t\t\t\t<div class=\"elementor-element elementor-element-b3008ab elementor-widget elementor-widget-gallery\" data-id=\"b3008ab\" data-element_type=\"widget\" data-e-type=\"widget\" data-settings=\"{&quot;columns_mobile&quot;:2,&quot;gap&quot;:{&quot;unit&quot;:&quot;px&quot;,&quot;size&quot;:38,&quot;sizes&quot;:[]},&quot;gap_mobile&quot;:{&quot;unit&quot;:&quot;px&quot;,&quot;size&quot;:0,&quot;sizes&quot;:[]},&quot;aspect_ratio&quot;:&quot;1:1&quot;,&quot;columns_tablet&quot;:3,&quot;columns_mobile_extra&quot;:3,&quot;gap_mobile_extra&quot;:{&quot;unit&quot;:&quot;px&quot;,&quot;size&quot;:0,&quot;sizes&quot;:[]},&quot;gap_laptop&quot;:{&quot;unit&quot;:&quot;px&quot;,&quot;size&quot;:90,&quot;sizes&quot;:[]},&quot;gap_tablet_extra&quot;:{&quot;unit&quot;:&quot;px&quot;,&quot;size&quot;:100,&quot;sizes&quot;:[]},&quot;gallery_layout&quot;:&quot;grid&quot;,&quot;columns&quot;:4,&quot;gap_widescreen&quot;:{&quot;unit&quot;:&quot;px&quot;,&quot;size&quot;:&quot;&quot;,&quot;sizes&quot;:[]},&quot;gap_tablet&quot;:{&quot;unit&quot;:&quot;px&quot;,&quot;size&quot;:10,&quot;sizes&quot;:[]},&quot;link_to&quot;:&quot;file&quot;,&quot;content_hover_animation&quot;:&quot;fade-in&quot;}\" data-widget_type=\"gallery.default\">\n\t\t\t\t<div class=\"elementor-widget-container\">\n\t\t\t\t\t\t\t<div class=\"elementor-gallery__container\">\n\t\t\t\t\t\t\t<a class=\"e-gallery-item elementor-gallery-item elementor-animated-content\" href=\"https:\/\/www.derbio.com\/wp-content\/uploads\/2024\/09\/IMG_4083.webp\" data-elementor-open-lightbox=\"yes\" data-elementor-lightbox-slideshow=\"b3008ab\" data-elementor-lightbox-title=\"trasformatore\" data-e-action-hash=\"#elementor-action%3Aaction%3Dlightbox%26settings%3DeyJpZCI6MTkzOSwidXJsIjoiaHR0cHM6XC9cL3d3dy5kZXJiaW8uY29tXC93cC1jb250ZW50XC91cGxvYWRzXC8yMDI0XC8wOVwvSU1HXzQwODMud2VicCIsInNsaWRlc2hvdyI6ImIzMDA4YWIifQ%3D%3D\">\n\t\t\t\t\t<div class=\"e-gallery-image elementor-gallery-item__image\" data-thumbnail=\"https:\/\/www.derbio.com\/wp-content\/uploads\/2024\/09\/IMG_4083.webp\" data-width=\"800\" data-height=\"625\" aria-label=\"\" role=\"img\" ><\/div>\n\t\t\t\t\t\t\t\t\t\t\t\t\t\t<\/a>\n\t\t\t\t\t\t\t<a class=\"e-gallery-item elementor-gallery-item elementor-animated-content\" href=\"https:\/\/www.derbio.com\/wp-content\/uploads\/2024\/09\/IMG_3423_MOD.webp\" data-elementor-open-lightbox=\"yes\" data-elementor-lightbox-slideshow=\"b3008ab\" data-elementor-lightbox-title=\"avvolgimento induzione\" data-e-action-hash=\"#elementor-action%3Aaction%3Dlightbox%26settings%3DeyJpZCI6MTk0MSwidXJsIjoiaHR0cHM6XC9cL3d3dy5kZXJiaW8uY29tXC93cC1jb250ZW50XC91cGxvYWRzXC8yMDI0XC8wOVwvSU1HXzM0MjNfTU9ELndlYnAiLCJzbGlkZXNob3ciOiJiMzAwOGFiIn0%3D\">\n\t\t\t\t\t<div class=\"e-gallery-image elementor-gallery-item__image\" data-thumbnail=\"https:\/\/www.derbio.com\/wp-content\/uploads\/2024\/09\/IMG_3423_MOD-1024x800.webp\" data-width=\"800\" data-height=\"625\" aria-label=\"\" role=\"img\" ><\/div>\n\t\t\t\t\t\t\t\t\t\t\t\t\t\t<\/a>\n\t\t\t\t\t\t\t<a class=\"e-gallery-item elementor-gallery-item elementor-animated-content\" href=\"https:\/\/www.derbio.com\/wp-content\/uploads\/2024\/09\/IMG_3468_MOD.webp\" data-elementor-open-lightbox=\"yes\" data-elementor-lightbox-slideshow=\"b3008ab\" data-elementor-lightbox-title=\"trasformatore\" data-e-action-hash=\"#elementor-action%3Aaction%3Dlightbox%26settings%3DeyJpZCI6MTk0MiwidXJsIjoiaHR0cHM6XC9cL3d3dy5kZXJiaW8uY29tXC93cC1jb250ZW50XC91cGxvYWRzXC8yMDI0XC8wOVwvSU1HXzM0NjhfTU9ELndlYnAiLCJzbGlkZXNob3ciOiJiMzAwOGFiIn0%3D\">\n\t\t\t\t\t<div class=\"e-gallery-image elementor-gallery-item__image\" data-thumbnail=\"https:\/\/www.derbio.com\/wp-content\/uploads\/2024\/09\/IMG_3468_MOD-1024x800.webp\" data-width=\"800\" data-height=\"625\" aria-label=\"\" role=\"img\" ><\/div>\n\t\t\t\t\t\t\t\t\t\t\t\t\t\t<\/a>\n\t\t\t\t\t\t\t<a class=\"e-gallery-item elementor-gallery-item elementor-animated-content\" href=\"https:\/\/www.derbio.com\/wp-content\/uploads\/2026\/01\/Screenshot-2026-01-26-141148.png\" data-elementor-open-lightbox=\"yes\" data-elementor-lightbox-slideshow=\"b3008ab\" data-elementor-lightbox-title=\"trasformatore\" data-e-action-hash=\"#elementor-action%3Aaction%3Dlightbox%26settings%3DeyJpZCI6MTcwMSwidXJsIjoiaHR0cHM6XC9cL3d3dy5kZXJiaW8uY29tXC93cC1jb250ZW50XC91cGxvYWRzXC8yMDI2XC8wMVwvU2NyZWVuc2hvdC0yMDI2LTAxLTI2LTE0MTE0OC5wbmciLCJzbGlkZXNob3ciOiJiMzAwOGFiIn0%3D\">\n\t\t\t\t\t<div class=\"e-gallery-image elementor-gallery-item__image\" data-thumbnail=\"https:\/\/www.derbio.com\/wp-content\/uploads\/2026\/01\/Screenshot-2026-01-26-141148.png\" data-width=\"700\" data-height=\"564\" aria-label=\"\" role=\"img\" ><\/div>\n\t\t\t\t\t\t\t\t\t\t\t\t\t\t<\/a>\n\t\t\t\t\t<\/div>\n\t\t\t\t\t<\/div>\n\t\t\t\t<\/div>\n\t\t\t\t\t<\/div>\n\t\t\t\t<\/div>\n\t\t\t\t\t<\/div>\n\t\t\t\t<\/div>\n\t\t\t\t<\/div>\n\t\t","protected":false},"excerpt":{"rendered":"<p>SONDERAUSF\u00dcHRUNGEN &#8211; Spezialtransformatoren Nicht standardm\u00e4\u00dfige Ausf\u00fchrungen Wassergek\u00fchlte Transformatoren f\u00fcr Punktschwei\u00dfger\u00e4te, Wicklungen f\u00fcr Induktionsheizungen, Ausgangsfilter f\u00fcr Hochleistungsantriebe: Dies sind nur einige Beispiele f\u00fcr einen immer wichtiger werdenden Teil der Produktion von Derbio. Jede Komponente wird in enger Zusammenarbeit mit dem Kunden entwickelt, auch bei begrenzten Produktionsmengen, um spezialisierte und ma\u00dfgeschneiderte L\u00f6sungen zu gew\u00e4hrleisten.<\/p>\n","protected":false},"author":3,"featured_media":0,"parent":0,"menu_order":4,"comment_status":"closed","ping_status":"closed","template":"","meta":{"footnotes":""},"class_list":["post-1991","page","type-page","status-publish","hentry"],"_links":{"self":[{"href":"https:\/\/www.derbio.com\/de\/wp-json\/wp\/v2\/pages\/1991","targetHints":{"allow":["GET"]}}],"collection":[{"href":"https:\/\/www.derbio.com\/de\/wp-json\/wp\/v2\/pages"}],"about":[{"href":"https:\/\/www.derbio.com\/de\/wp-json\/wp\/v2\/types\/page"}],"author":[{"embeddable":true,"href":"https:\/\/www.derbio.com\/de\/wp-json\/wp\/v2\/users\/3"}],"replies":[{"embeddable":true,"href":"https:\/\/www.derbio.com\/de\/wp-json\/wp\/v2\/comments?post=1991"}],"version-history":[{"count":1,"href":"https:\/\/www.derbio.com\/de\/wp-json\/wp\/v2\/pages\/1991\/revisions"}],"predecessor-version":[{"id":1992,"href":"https:\/\/www.derbio.com\/de\/wp-json\/wp\/v2\/pages\/1991\/revisions\/1992"}],"wp:attachment":[{"href":"https:\/\/www.derbio.com\/de\/wp-json\/wp\/v2\/media?parent=1991"}],"curies":[{"name":"wp","href":"https:\/\/api.w.org\/{rel}","templated":true}]}}