{"id":1989,"date":"2026-01-29T13:38:00","date_gmt":"2026-01-29T12:38:00","guid":{"rendered":"https:\/\/www.derbio.com\/ausgangsdrosseln-oder-dc-drossel\/"},"modified":"2026-02-20T11:59:09","modified_gmt":"2026-02-20T10:59:09","slug":"ausgangsdrosseln-oder-dc-drossel","status":"publish","type":"page","link":"https:\/\/www.derbio.com\/de\/ausgangsdrosseln-oder-dc-drossel\/","title":{"rendered":"Ausgangsdrosseln oder DC-Drossel"},"content":{"rendered":"\t\t<div data-elementor-type=\"wp-page\" data-elementor-id=\"1989\" class=\"elementor elementor-1989 elementor-1661\" data-elementor-post-type=\"page\">\n\t\t\t\t<div class=\"elementor-element elementor-element-14db5a8 e-flex e-con-boxed e-con e-parent\" data-id=\"14db5a8\" data-element_type=\"container\" data-e-type=\"container\">\n\t\t\t\t\t<div class=\"e-con-inner\">\n\t\t\t\t\t<\/div>\n\t\t\t\t<\/div>\n\t\t<div class=\"elementor-element elementor-element-d90dfe2 e-flex e-con-boxed e-con e-parent\" data-id=\"d90dfe2\" data-element_type=\"container\" data-e-type=\"container\" id=\"induttanze-di-livellamento\">\n\t\t\t\t\t<div class=\"e-con-inner\">\n\t\t<div class=\"elementor-element elementor-element-e62b131 e-flex e-con-boxed e-con e-child\" data-id=\"e62b131\" data-element_type=\"container\" data-e-type=\"container\">\n\t\t\t\t\t<div class=\"e-con-inner\">\n\t\t<div class=\"elementor-element elementor-element-f6556b9 e-con-full e-flex e-con e-child\" data-id=\"f6556b9\" data-element_type=\"container\" data-e-type=\"container\">\n\t\t<div class=\"elementor-element elementor-element-d92189e e-con-full e-flex e-con e-child\" data-id=\"d92189e\" data-element_type=\"container\" data-e-type=\"container\">\n\t\t\t\t<div class=\"elementor-element elementor-element-d1eeeff elementor-invisible elementor-widget elementor-widget-heading\" data-id=\"d1eeeff\" data-element_type=\"widget\" data-e-type=\"widget\" data-settings=\"{&quot;_animation&quot;:&quot;fadeIn&quot;}\" data-widget_type=\"heading.default\">\n\t\t\t\t<div class=\"elementor-widget-container\">\n\t\t\t\t\t<h1 class=\"elementor-heading-title elementor-size-default\">AUSGANGSINDUKTIVIT\u00c4TEN<\/h1>\t\t\t\t<\/div>\n\t\t\t\t<\/div>\n\t\t\t\t<div class=\"elementor-element elementor-element-7421fef elementor-invisible elementor-widget elementor-widget-heading\" data-id=\"7421fef\" data-element_type=\"widget\" data-e-type=\"widget\" data-settings=\"{&quot;_animation&quot;:&quot;fadeIn&quot;,&quot;_animation_delay&quot;:200}\" data-widget_type=\"heading.default\">\n\t\t\t\t<div class=\"elementor-widget-container\">\n\t\t\t\t\t<h1 class=\"elementor-heading-title elementor-size-default\">DC drossel     <br>DC Induktivit\u00e4ten<\/h1>\t\t\t\t<\/div>\n\t\t\t\t<\/div>\n\t\t\t\t<div class=\"elementor-element elementor-element-230e050 elementor-widget elementor-widget-text-editor\" data-id=\"230e050\" data-element_type=\"widget\" data-e-type=\"widget\" data-widget_type=\"text-editor.default\">\n\t\t\t\t<div class=\"elementor-widget-container\">\n\t\t\t\t\t\t\t\t\t<p data-start=\"116\" data-end=\"248\">Ausgangsinduktoren oder <strong data-start=\"143\" data-end=\"155\">Gleichstromdrosseln<\/strong> sind Schl\u00fcsselkomponenten f\u00fcr die Stromfilterung in Schaltwandlern.<\/p><p data-start=\"255\" data-end=\"416\">Derbio entwickelt und fertigt Ausgangsdrosseln f\u00fcr <strong data-start=\"306\" data-end=\"326\">hohe Str\u00f6me<\/strong> und <strong data-start=\"329\" data-end=\"355\">Dauerbetrieb<\/strong>, um Zuverl\u00e4ssigkeit und gleichbleibende Leistung \u00fcber einen langen Zeitraum zu gew\u00e4hrleisten.<\/p><p data-start=\"423\" data-end=\"798\">Dank unseres fundierten Know-hows in den Bereichen Design und Fertigung sind wir in der Lage, die <strong data-start=\"207\" data-end=\"272\">Wicklungen direkt in die DC-Drosselstruktur<\/strong> zu integrieren und so kompakte und hochgradig optimierte L\u00f6sungen zu schaffen, die sich durch eine hervorragende und gleichm\u00e4\u00dfige Bel\u00fcftung der Wicklungen auszeichnen.<br data-start=\"405\" data-end=\"408\"><strong data-start=\"414\" data-end=\"489\">Rippenwicklungen, die vollst\u00e4ndig im eigenen Haus entwickelt und hergestellt werden<\/strong>, erm\u00f6glichen <strong data-start=\"514\" data-end=\"545\" data-is-only-node=\"\">hohe Stromdichten<\/strong> und damit eine erhebliche <strong data-start=\"577\" data-end=\"641\">Reduzierung von Gr\u00f6\u00dfe, Gewicht und Gesamtkosten<\/strong> der Komponenten.<\/p>\t\t\t\t\t\t\t\t<\/div>\n\t\t\t\t<\/div>\n\t\t\t\t<\/div>\n\t\t<div class=\"elementor-element elementor-element-ef3462c e-con-full e-flex e-con e-child\" data-id=\"ef3462c\" data-element_type=\"container\" data-e-type=\"container\">\n\t\t\t\t<div class=\"elementor-element elementor-element-49fc84a elementor-widget elementor-widget-image\" data-id=\"49fc84a\" data-element_type=\"widget\" data-e-type=\"widget\" data-widget_type=\"image.default\">\n\t\t\t\t<div class=\"elementor-widget-container\">\n\t\t\t\t\t\t\t\t\t\t\t\t\t\t\t<img fetchpriority=\"high\" decoding=\"async\" width=\"800\" height=\"625\" src=\"https:\/\/www.derbio.com\/wp-content\/uploads\/2024\/09\/MG_5645.webp\" class=\"attachment-large size-large wp-image-1938\" alt=\"\" srcset=\"https:\/\/www.derbio.com\/wp-content\/uploads\/2024\/09\/MG_5645.webp 1024w, https:\/\/www.derbio.com\/wp-content\/uploads\/2024\/09\/MG_5645-300x234.webp 300w, https:\/\/www.derbio.com\/wp-content\/uploads\/2024\/09\/MG_5645-768x600.webp 768w\" sizes=\"(max-width: 800px) 100vw, 800px\" \/>\t\t\t\t\t\t\t\t\t\t\t\t\t\t\t<\/div>\n\t\t\t\t<\/div>\n\t\t\t\t<\/div>\n\t\t\t\t<div class=\"elementor-element elementor-element-4630163 elementor-widget-tablet__width-initial elementor-widget-mobile__width-inherit elementor-widget__width-initial elementor-invisible elementor-widget elementor-widget-icon-box\" data-id=\"4630163\" data-element_type=\"widget\" data-e-type=\"widget\" data-settings=\"{&quot;_animation&quot;:&quot;fadeIn&quot;,&quot;_animation_delay&quot;:200}\" data-widget_type=\"icon-box.default\">\n\t\t\t\t<div class=\"elementor-widget-container\">\n\t\t\t\t\t\t\t<div class=\"elementor-icon-box-wrapper\">\n\n\t\t\t\n\t\t\t\t\t\t<div class=\"elementor-icon-box-content\">\n\n\t\t\t\t\t\t\t\t\t<h2 class=\"elementor-icon-box-title\">\n\t\t\t\t\t\t<span  >\n\t\t\t\t\t\t\tMa\u00dfgeschneiderte DC-Induktionsl\u00f6sungen\t\t\t\t\t\t<\/span>\n\t\t\t\t\t<\/h2>\n\t\t\t\t\n\t\t\t\t\t\t\t\t\t<p class=\"elementor-icon-box-description\">\n\t\t\t\t\t\tAffrontare le sfide di dimensionamento in alcune applicazioni \u00e8 il nostro punto di forza. Grazie all'esperienza accumulata nel corso degli anni e ai nostri sistemi avanzati di test, possiamo fornire soluzioni mirate ed efficaci per soddisfare ogni esigenza. \n\t\t\t\t\t<\/p>\n\t\t\t\t\n\t\t\t<\/div>\n\t\t\t\n\t\t<\/div>\n\t\t\t\t\t\t<\/div>\n\t\t\t\t<\/div>\n\t\t\t\t<div class=\"elementor-element elementor-element-1fe5c9e elementor-widget-tablet__width-initial elementor-widget-mobile__width-inherit elementor-widget__width-initial elementor-invisible elementor-widget elementor-widget-icon-box\" data-id=\"1fe5c9e\" data-element_type=\"widget\" data-e-type=\"widget\" data-settings=\"{&quot;_animation&quot;:&quot;fadeIn&quot;}\" data-widget_type=\"icon-box.default\">\n\t\t\t\t<div class=\"elementor-widget-container\">\n\t\t\t\t\t\t\t<div class=\"elementor-icon-box-wrapper\">\n\n\t\t\t\n\t\t\t\t\t\t<div class=\"elementor-icon-box-content\">\n\n\t\t\t\t\t\t\t\t\t<h2 class=\"elementor-icon-box-title\">\n\t\t\t\t\t\t<span  >\n\t\t\t\t\t\t\tDC-Induktionsanwendungen\t\t\t\t\t\t<\/span>\n\t\t\t\t\t<\/h2>\n\t\t\t\t\n\t\t\t\t\t\t\t\t\t<p class=\"elementor-icon-box-description\">\n\t\t\t\t\t\t- Batterieladeger\u00e4t-Generatoren f\u00fcr industrielle und automobile Anwendungen\n<br><br>- Generatoren f\u00fcr die Galvanikindustrie\n<br><br>- Erneuerbare Energien wie Fotovoltaik und Windkraft\n<br><br>- UPS (Unterbrechungsfreie Stromversorgung)\n<br><br>- Auch gro\u00dfe Laufwerke\n<br><br>- Lichtbogenschwei\u00dfer\n<br><br>\u2022 Industrie-Wechselrichter\t\t\t\t\t<\/p>\n\t\t\t\t\n\t\t\t<\/div>\n\t\t\t\n\t\t<\/div>\n\t\t\t\t\t\t<\/div>\n\t\t\t\t<\/div>\n\t\t\t\t<div class=\"elementor-element elementor-element-78c4105 elementor-widget-tablet__width-initial elementor-widget-mobile__width-inherit elementor-widget__width-initial elementor-invisible elementor-widget elementor-widget-icon-box\" data-id=\"78c4105\" data-element_type=\"widget\" data-e-type=\"widget\" data-settings=\"{&quot;_animation&quot;:&quot;fadeIn&quot;}\" data-widget_type=\"icon-box.default\">\n\t\t\t\t<div class=\"elementor-widget-container\">\n\t\t\t\t\t\t\t<div class=\"elementor-icon-box-wrapper\">\n\n\t\t\t\n\t\t\t\t\t\t<div class=\"elementor-icon-box-content\">\n\n\t\t\t\t\t\t\t\t\t<h2 class=\"elementor-icon-box-title\">\n\t\t\t\t\t\t<span  >\n\t\t\t\t\t\t\tZuverl\u00e4ssige und langlebige Leistung\t\t\t\t\t\t<\/span>\n\t\t\t\t\t<\/h2>\n\t\t\t\t\n\t\t\t\t\t\t\t\t\t<p class=\"elementor-icon-box-description\">\n\t\t\t\t\t\tDank unserer technischen Kompetenz in der Verarbeitung gro\u00dfer Kupferquerschnitte sind wir in der Lage, Induktoren herzustellen, die Gleichstr\u00f6me von mehreren hundert Ampere verarbeiten und eine zuverl\u00e4ssige und dauerhafte Leistung gew\u00e4hrleisten. Wir verwenden eine Vielzahl von offenen und geschlossenen Kernen, um unser Produkt an die spezifischen Anforderungen unserer Kunden und deren Anwendungen anzupassen.delle loro applicazioni. \t\t\t\t\t<\/p>\n\t\t\t\t\n\t\t\t<\/div>\n\t\t\t\n\t\t<\/div>\n\t\t\t\t\t\t<\/div>\n\t\t\t\t<\/div>\n\t\t\t\t<div class=\"elementor-element elementor-element-7de6f68 elementor-position-inline-start elementor-view-default elementor-mobile-position-block-start elementor-widget elementor-widget-icon-box\" data-id=\"7de6f68\" data-element_type=\"widget\" data-e-type=\"widget\" data-widget_type=\"icon-box.default\">\n\t\t\t\t<div class=\"elementor-widget-container\">\n\t\t\t\t\t\t\t<div class=\"elementor-icon-box-wrapper\">\n\n\t\t\t\t\t\t<div class=\"elementor-icon-box-icon\">\n\t\t\t\t<span  class=\"elementor-icon\">\n\t\t\t\t<svg xmlns=\"http:\/\/www.w3.org\/2000\/svg\" id=\"babd51c6-232f-4668-aa27-cf262924e93d\" data-name=\"Layer 1\" width=\"61.8\" height=\"53.9999\" viewBox=\"0 0 61.8 53.9999\"><path d=\"M58.6,34.2a11.0935,11.0935,0,0,0-8.4-3.6,4.0745,4.0745,0,0,1-3-1,4.5281,4.5281,0,0,1-1-3q0-6.6,4.8-13A39.3606,39.3606,0,0,1,62,3.4L59.8.2Q47.2,6.4,41,15.6a35.6044,35.6044,0,0,0-6,20.2q0,8.2,4,13.4a13.8883,13.8883,0,0,0,11.2,5A11.7892,11.7892,0,0,0,58.6,51a11.0936,11.0936,0,0,0,3.6-8.4A11.0936,11.0936,0,0,0,58.6,34.2Z\" transform=\"translate(-0.4 -0.2)\"><\/path><path d=\"M15.6,30.6a4.0745,4.0745,0,0,1-3-1,4.5281,4.5281,0,0,1-1-3q0-6.6,4.8-13a39.3606,39.3606,0,0,1,11-10.2L25.2.2Q12.6,6.4,6.4,15.6a35.6044,35.6044,0,0,0-6,20.2q0,8.2,4,13.4a13.8883,13.8883,0,0,0,11.2,5A11.7892,11.7892,0,0,0,24,51a11.0936,11.0936,0,0,0,3.6-8.4A11.0936,11.0936,0,0,0,24,34.2,11.0935,11.0935,0,0,0,15.6,30.6Z\" transform=\"translate(-0.4 -0.2)\"><\/path><\/svg>\t\t\t\t<\/span>\n\t\t\t<\/div>\n\t\t\t\n\t\t\t\t\t\t<div class=\"elementor-icon-box-content\">\n\n\t\t\t\t\t\t\t\t\t<h1 class=\"elementor-icon-box-title\">\n\t\t\t\t\t\t<span  >\n\t\t\t\t\t\t\tMa\u00dfgeschneiderte Hochstrom-DC-Drossel mit gro\u00dfen Kupferquerschnitten und individuell angepassten Kernen, unterst\u00fctzt durch bew\u00e4hrte Erfahrung und fortschrittliche Tests, um jede Anwendungsherausforderung effizient und zuverl\u00e4ssig zu erf\u00fcllen\t\t\t\t\t\t<\/span>\n\t\t\t\t\t<\/h1>\n\t\t\t\t\n\t\t\t\t\n\t\t\t<\/div>\n\t\t\t\n\t\t<\/div>\n\t\t\t\t\t\t<\/div>\n\t\t\t\t<\/div>\n\t\t\t\t<\/div>\n\t\t<div class=\"elementor-element elementor-element-4009f0f e-con-full e-flex e-con e-child\" data-id=\"4009f0f\" data-element_type=\"container\" data-e-type=\"container\">\n\t\t\t\t<div class=\"elementor-element elementor-element-a0d7613 elementor-widget elementor-widget-gallery\" data-id=\"a0d7613\" data-element_type=\"widget\" data-e-type=\"widget\" data-settings=\"{&quot;columns&quot;:7,&quot;columns_mobile&quot;:2,&quot;gap&quot;:{&quot;unit&quot;:&quot;px&quot;,&quot;size&quot;:0,&quot;sizes&quot;:[]},&quot;gap_mobile&quot;:{&quot;unit&quot;:&quot;px&quot;,&quot;size&quot;:0,&quot;sizes&quot;:[]},&quot;aspect_ratio&quot;:&quot;1:1&quot;,&quot;columns_tablet&quot;:3,&quot;columns_mobile_extra&quot;:3,&quot;gallery_layout&quot;:&quot;grid&quot;,&quot;gap_widescreen&quot;:{&quot;unit&quot;:&quot;px&quot;,&quot;size&quot;:&quot;&quot;,&quot;sizes&quot;:[]},&quot;gap_laptop&quot;:{&quot;unit&quot;:&quot;px&quot;,&quot;size&quot;:10,&quot;sizes&quot;:[]},&quot;gap_tablet_extra&quot;:{&quot;unit&quot;:&quot;px&quot;,&quot;size&quot;:10,&quot;sizes&quot;:[]},&quot;gap_tablet&quot;:{&quot;unit&quot;:&quot;px&quot;,&quot;size&quot;:10,&quot;sizes&quot;:[]},&quot;gap_mobile_extra&quot;:{&quot;unit&quot;:&quot;px&quot;,&quot;size&quot;:10,&quot;sizes&quot;:[]},&quot;link_to&quot;:&quot;file&quot;,&quot;content_hover_animation&quot;:&quot;fade-in&quot;}\" data-widget_type=\"gallery.default\">\n\t\t\t\t<div class=\"elementor-widget-container\">\n\t\t\t\t\t\t\t<div class=\"elementor-gallery__container\">\n\t\t\t\t\t\t\t<a class=\"e-gallery-item elementor-gallery-item elementor-animated-content\" href=\"https:\/\/www.derbio.com\/wp-content\/uploads\/2024\/09\/MG_5638A.webp\" data-elementor-open-lightbox=\"yes\" data-elementor-lightbox-slideshow=\"a0d7613\" data-elementor-lightbox-title=\"dc drossel\" data-e-action-hash=\"#elementor-action%3Aaction%3Dlightbox%26settings%3DeyJpZCI6MTkzNywidXJsIjoiaHR0cHM6XC9cL3d3dy5kZXJiaW8uY29tXC93cC1jb250ZW50XC91cGxvYWRzXC8yMDI0XC8wOVwvTUdfNTYzOEEud2VicCIsInNsaWRlc2hvdyI6ImEwZDc2MTMifQ%3D%3D\">\n\t\t\t\t\t<div class=\"e-gallery-image elementor-gallery-item__image\" data-thumbnail=\"https:\/\/www.derbio.com\/wp-content\/uploads\/2024\/09\/MG_5638A.webp\" data-width=\"800\" data-height=\"625\" aria-label=\"\" role=\"img\" ><\/div>\n\t\t\t\t\t\t\t\t\t\t\t\t\t\t<\/a>\n\t\t\t\t\t\t\t<a class=\"e-gallery-item elementor-gallery-item elementor-animated-content\" href=\"https:\/\/www.derbio.com\/wp-content\/uploads\/2024\/09\/IMG_3449_MOD-1.webp\" data-elementor-open-lightbox=\"yes\" data-elementor-lightbox-slideshow=\"a0d7613\" data-elementor-lightbox-title=\"dc drossel\" data-e-action-hash=\"#elementor-action%3Aaction%3Dlightbox%26settings%3DeyJpZCI6MTk0OCwidXJsIjoiaHR0cHM6XC9cL3d3dy5kZXJiaW8uY29tXC93cC1jb250ZW50XC91cGxvYWRzXC8yMDI0XC8wOVwvSU1HXzM0NDlfTU9ELTEud2VicCIsInNsaWRlc2hvdyI6ImEwZDc2MTMifQ%3D%3D\">\n\t\t\t\t\t<div class=\"e-gallery-image elementor-gallery-item__image\" data-thumbnail=\"https:\/\/www.derbio.com\/wp-content\/uploads\/2024\/09\/IMG_3449_MOD-1-1024x800.webp\" data-width=\"800\" data-height=\"625\" aria-label=\"\" role=\"img\" ><\/div>\n\t\t\t\t\t\t\t\t\t\t\t\t\t\t<\/a>\n\t\t\t\t\t\t\t<a class=\"e-gallery-item elementor-gallery-item elementor-animated-content\" href=\"https:\/\/www.derbio.com\/wp-content\/uploads\/2024\/09\/MG_5633.webp\" data-elementor-open-lightbox=\"yes\" data-elementor-lightbox-slideshow=\"a0d7613\" data-elementor-lightbox-title=\"dc drossel\" data-e-action-hash=\"#elementor-action%3Aaction%3Dlightbox%26settings%3DeyJpZCI6MTkzNiwidXJsIjoiaHR0cHM6XC9cL3d3dy5kZXJiaW8uY29tXC93cC1jb250ZW50XC91cGxvYWRzXC8yMDI0XC8wOVwvTUdfNTYzMy53ZWJwIiwic2xpZGVzaG93IjoiYTBkNzYxMyJ9\">\n\t\t\t\t\t<div class=\"e-gallery-image elementor-gallery-item__image\" data-thumbnail=\"https:\/\/www.derbio.com\/wp-content\/uploads\/2024\/09\/MG_5633.webp\" data-width=\"800\" data-height=\"625\" aria-label=\"\" role=\"img\" ><\/div>\n\t\t\t\t\t\t\t\t\t\t\t\t\t\t<\/a>\n\t\t\t\t\t\t\t<a class=\"e-gallery-item elementor-gallery-item elementor-animated-content\" href=\"https:\/\/www.derbio.com\/wp-content\/uploads\/2024\/09\/IMG_3456_MOD-1.webp\" data-elementor-open-lightbox=\"yes\" data-elementor-lightbox-slideshow=\"a0d7613\" data-elementor-lightbox-title=\"Ausgangsdrosseln\" data-e-action-hash=\"#elementor-action%3Aaction%3Dlightbox%26settings%3DeyJpZCI6MTk1MCwidXJsIjoiaHR0cHM6XC9cL3d3dy5kZXJiaW8uY29tXC93cC1jb250ZW50XC91cGxvYWRzXC8yMDI0XC8wOVwvSU1HXzM0NTZfTU9ELTEud2VicCIsInNsaWRlc2hvdyI6ImEwZDc2MTMifQ%3D%3D\">\n\t\t\t\t\t<div class=\"e-gallery-image elementor-gallery-item__image\" data-thumbnail=\"https:\/\/www.derbio.com\/wp-content\/uploads\/2024\/09\/IMG_3456_MOD-1.webp\" data-width=\"800\" data-height=\"625\" aria-label=\"\" role=\"img\" ><\/div>\n\t\t\t\t\t\t\t\t\t\t\t\t\t\t<\/a>\n\t\t\t\t\t\t\t<a class=\"e-gallery-item elementor-gallery-item elementor-animated-content\" href=\"https:\/\/www.derbio.com\/wp-content\/uploads\/2024\/09\/IMG_3452_MOD-1.webp\" data-elementor-open-lightbox=\"yes\" data-elementor-lightbox-slideshow=\"a0d7613\" data-elementor-lightbox-title=\"dc drossel\" data-e-action-hash=\"#elementor-action%3Aaction%3Dlightbox%26settings%3DeyJpZCI6MTk0OSwidXJsIjoiaHR0cHM6XC9cL3d3dy5kZXJiaW8uY29tXC93cC1jb250ZW50XC91cGxvYWRzXC8yMDI0XC8wOVwvSU1HXzM0NTJfTU9ELTEud2VicCIsInNsaWRlc2hvdyI6ImEwZDc2MTMifQ%3D%3D\">\n\t\t\t\t\t<div class=\"e-gallery-image elementor-gallery-item__image\" data-thumbnail=\"https:\/\/www.derbio.com\/wp-content\/uploads\/2024\/09\/IMG_3452_MOD-1-1024x800.webp\" data-width=\"800\" data-height=\"625\" aria-label=\"\" role=\"img\" ><\/div>\n\t\t\t\t\t\t\t\t\t\t\t\t\t\t<\/a>\n\t\t\t\t\t\t\t<a class=\"e-gallery-item elementor-gallery-item elementor-animated-content\" href=\"https:\/\/www.derbio.com\/wp-content\/uploads\/2024\/09\/IMG_3460_MOD-1.webp\" data-elementor-open-lightbox=\"yes\" data-elementor-lightbox-slideshow=\"a0d7613\" data-elementor-lightbox-title=\"Ausgangsdrosseln\" data-e-action-hash=\"#elementor-action%3Aaction%3Dlightbox%26settings%3DeyJpZCI6MTk1MSwidXJsIjoiaHR0cHM6XC9cL3d3dy5kZXJiaW8uY29tXC93cC1jb250ZW50XC91cGxvYWRzXC8yMDI0XC8wOVwvSU1HXzM0NjBfTU9ELTEud2VicCIsInNsaWRlc2hvdyI6ImEwZDc2MTMifQ%3D%3D\">\n\t\t\t\t\t<div class=\"e-gallery-image elementor-gallery-item__image\" data-thumbnail=\"https:\/\/www.derbio.com\/wp-content\/uploads\/2024\/09\/IMG_3460_MOD-1-1024x800.webp\" data-width=\"800\" data-height=\"625\" aria-label=\"\" role=\"img\" ><\/div>\n\t\t\t\t\t\t\t\t\t\t\t\t\t\t<\/a>\n\t\t\t\t\t\t\t<a class=\"e-gallery-item elementor-gallery-item elementor-animated-content\" href=\"https:\/\/www.derbio.com\/wp-content\/uploads\/2024\/09\/IMG_3461_MOD-1.webp\" data-elementor-open-lightbox=\"yes\" data-elementor-lightbox-slideshow=\"a0d7613\" data-elementor-lightbox-title=\"Ausgangsdrosseln\" data-e-action-hash=\"#elementor-action%3Aaction%3Dlightbox%26settings%3DeyJpZCI6MTk1MiwidXJsIjoiaHR0cHM6XC9cL3d3dy5kZXJiaW8uY29tXC93cC1jb250ZW50XC91cGxvYWRzXC8yMDI0XC8wOVwvSU1HXzM0NjFfTU9ELTEud2VicCIsInNsaWRlc2hvdyI6ImEwZDc2MTMifQ%3D%3D\">\n\t\t\t\t\t<div class=\"e-gallery-image elementor-gallery-item__image\" data-thumbnail=\"https:\/\/www.derbio.com\/wp-content\/uploads\/2024\/09\/IMG_3461_MOD-1-1024x800.webp\" data-width=\"800\" data-height=\"625\" aria-label=\"\" role=\"img\" ><\/div>\n\t\t\t\t\t\t\t\t\t\t\t\t\t\t<\/a>\n\t\t\t\t\t<\/div>\n\t\t\t\t\t<\/div>\n\t\t\t\t<\/div>\n\t\t\t\t<\/div>\n\t\t\t\t\t<\/div>\n\t\t\t\t<\/div>\n\t\t\t\t\t<\/div>\n\t\t\t\t<\/div>\n\t\t\t\t<\/div>\n\t\t","protected":false},"excerpt":{"rendered":"<p>AUSGANGSINDUKTIVIT\u00c4TEN DC drossel DC Induktivit\u00e4ten Ausgangsinduktoren oder Gleichstromdrosseln sind Schl\u00fcsselkomponenten f\u00fcr die Stromfilterung in Schaltwandlern. Derbio entwickelt und fertigt Ausgangsdrosseln f\u00fcr hohe Str\u00f6me und Dauerbetrieb, um Zuverl\u00e4ssigkeit und gleichbleibende Leistung \u00fcber einen langen Zeitraum zu gew\u00e4hrleisten. Dank unseres fundierten Know-hows in den Bereichen Design und Fertigung sind wir in der Lage, die Wicklungen direkt in [&hellip;]<\/p>\n","protected":false},"author":3,"featured_media":0,"parent":0,"menu_order":3,"comment_status":"closed","ping_status":"closed","template":"","meta":{"footnotes":""},"class_list":["post-1989","page","type-page","status-publish","hentry"],"_links":{"self":[{"href":"https:\/\/www.derbio.com\/de\/wp-json\/wp\/v2\/pages\/1989","targetHints":{"allow":["GET"]}}],"collection":[{"href":"https:\/\/www.derbio.com\/de\/wp-json\/wp\/v2\/pages"}],"about":[{"href":"https:\/\/www.derbio.com\/de\/wp-json\/wp\/v2\/types\/page"}],"author":[{"embeddable":true,"href":"https:\/\/www.derbio.com\/de\/wp-json\/wp\/v2\/users\/3"}],"replies":[{"embeddable":true,"href":"https:\/\/www.derbio.com\/de\/wp-json\/wp\/v2\/comments?post=1989"}],"version-history":[{"count":7,"href":"https:\/\/www.derbio.com\/de\/wp-json\/wp\/v2\/pages\/1989\/revisions"}],"predecessor-version":[{"id":2150,"href":"https:\/\/www.derbio.com\/de\/wp-json\/wp\/v2\/pages\/1989\/revisions\/2150"}],"wp:attachment":[{"href":"https:\/\/www.derbio.com\/de\/wp-json\/wp\/v2\/media?parent=1989"}],"curies":[{"name":"wp","href":"https:\/\/api.w.org\/{rel}","templated":true}]}}