{"id":1925,"date":"2026-01-29T11:36:00","date_gmt":"2026-01-29T10:36:00","guid":{"rendered":"https:\/\/www.derbio.com\/aufwaertstransformatoren\/"},"modified":"2026-01-30T15:40:28","modified_gmt":"2026-01-30T14:40:28","slug":"aufwaertstransformatoren","status":"publish","type":"page","link":"https:\/\/www.derbio.com\/de\/aufwaertstransformatoren\/","title":{"rendered":"Aufw\u00e4rtstransformatoren"},"content":{"rendered":"\t\t<div data-elementor-type=\"wp-page\" data-elementor-id=\"1925\" class=\"elementor elementor-1925 elementor-1681\" data-elementor-post-type=\"page\">\n\t\t\t\t<div class=\"elementor-element elementor-element-14db5a8 e-flex e-con-boxed e-con e-parent\" data-id=\"14db5a8\" data-element_type=\"container\" data-e-type=\"container\">\n\t\t\t\t\t<div class=\"e-con-inner\">\n\t\t\t\t\t<\/div>\n\t\t\t\t<\/div>\n\t\t<div class=\"elementor-element elementor-element-ccdd35f e-flex e-con-boxed e-con e-parent\" data-id=\"ccdd35f\" data-element_type=\"container\" data-e-type=\"container\" id=\"trasformatori-elevatori\u200b\">\n\t\t\t\t\t<div class=\"e-con-inner\">\n\t\t<div class=\"elementor-element elementor-element-802c25f e-flex e-con-boxed e-con e-child\" data-id=\"802c25f\" data-element_type=\"container\" data-e-type=\"container\">\n\t\t\t\t\t<div class=\"e-con-inner\">\n\t\t<div class=\"elementor-element elementor-element-9778148 e-con-full e-flex e-con e-child\" data-id=\"9778148\" data-element_type=\"container\" data-e-type=\"container\">\n\t\t<div class=\"elementor-element elementor-element-198bca8 e-con-full e-flex e-con e-child\" data-id=\"198bca8\" data-element_type=\"container\" data-e-type=\"container\">\n\t\t\t\t<div class=\"elementor-element elementor-element-2c25ab4 elementor-invisible elementor-widget elementor-widget-heading\" data-id=\"2c25ab4\" data-element_type=\"widget\" data-e-type=\"widget\" data-settings=\"{&quot;_animation&quot;:&quot;fadeIn&quot;}\" data-widget_type=\"heading.default\">\n\t\t\t\t<div class=\"elementor-widget-container\">\n\t\t\t\t\t<h1 class=\"elementor-heading-title elementor-size-default\">Aufw\u00e4rtstransformatoren<\/h1>\t\t\t\t<\/div>\n\t\t\t\t<\/div>\n\t\t\t\t<div class=\"elementor-element elementor-element-a8a47d3 elementor-invisible elementor-widget elementor-widget-heading\" data-id=\"a8a47d3\" data-element_type=\"widget\" data-e-type=\"widget\" data-settings=\"{&quot;_animation&quot;:&quot;fadeIn&quot;,&quot;_animation_delay&quot;:200}\" data-widget_type=\"heading.default\">\n\t\t\t\t<div class=\"elementor-widget-container\">\n\t\t\t\t\t<h1 class=\"elementor-heading-title elementor-size-default\">Aufw\u00e4rtstransformatoren<\/h1>\t\t\t\t<\/div>\n\t\t\t\t<\/div>\n\t\t\t\t<div class=\"elementor-element elementor-element-ff7beaf elementor-widget elementor-widget-text-editor\" data-id=\"ff7beaf\" data-element_type=\"widget\" data-e-type=\"widget\" data-widget_type=\"text-editor.default\">\n\t\t\t\t<div class=\"elementor-widget-container\">\n\t\t\t\t\t\t\t\t\t<p data-start=\"134\" data-end=\"528\">Die F\u00e4higkeit, Flachlitzenwicklungen herzustellen, erm\u00f6glicht es DERBIO, ein breites Spektrum an Transformatoren anzubieten, die speziell f\u00fcr das Lichtbogenz\u00fcnden in TIG-Schwei\u00dfgeneratoren (Tungsten Inert Gas) entwickelt wurden. Diese Transformatoren sind wesentliche Komponenten, um einen zuverl\u00e4ssigen, stabilen und hochwertigen Betrieb w\u00e4hrend des Schwei\u00dfprozesses sicherzustellen.<\/p><p data-start=\"530\" data-end=\"903\">Die TIG-Z\u00fcndtransformatoren dienen dazu, <strong data-start=\"571\" data-end=\"614\">Hochspannungsimpulse mit hoher Frequenz<\/strong> zu erzeugen, die erforderlich sind, um den Lichtbogen zwischen Elektrode und Werkst\u00fcck kontaktlos zu starten. Dieses System erm\u00f6glicht ein sofortiges Z\u00fcnden des Lichtbogens, reduziert den Verschlei\u00df der Wolframelektrode und verbessert die Pr\u00e4zision sowie die Sauberkeit der Schwei\u00dfnaht.<\/p><p data-start=\"905\" data-end=\"1019\">Dank sorgf\u00e4ltiger Konstruktion und Verwendung hochwertiger Materialien gew\u00e4hrleisten die DERBIO-Transformatoren:<\/p><ul data-start=\"1099\" data-end=\"1281\"><li data-start=\"1099\" data-end=\"1135\"><p data-start=\"1101\" data-end=\"1135\"><strong data-start=\"1101\" data-end=\"1135\">Hohe elektrische Zuverl\u00e4ssigkeit<\/strong><\/p><\/li><li data-start=\"1136\" data-end=\"1199\"><p data-start=\"1138\" data-end=\"1199\"><strong>Stabile Lichtb\u00f6gen auch unter anspruchsvollen Arbeitsbedingungen<\/strong><\/p><\/li><li data-start=\"1200\" data-end=\"1252\"><p data-start=\"1202\" data-end=\"1252\"><strong data-start=\"1202\" data-end=\"1252\">Reduzierung elektromagnetischer St\u00f6rungen<\/strong><\/p><\/li><li data-start=\"1253\" data-end=\"1281\"><p data-start=\"1255\" data-end=\"1281\"><strong data-start=\"1255\" data-end=\"1281\">Lange Lebensdauer<\/strong><\/p><\/li><\/ul><p data-start=\"1196\" data-end=\"1598\">Unsere Transformatoren werden in <strong data-start=\"1229\" data-end=\"1262\">industriellen TIG-Generatoren<\/strong> eingesetzt und sind mit verschiedenen Schwei\u00dfkonfigurationen kompatibel, sodass sie die Anforderungen der industriellen, handwerklichen und professionellen Sektoren erf\u00fcllen. Jedes Produkt wird entwickelt, um <strong data-start=\"1472\" data-end=\"1578\">konstante Leistung, Betriebssicherheit und Konformit\u00e4t mit den am Markt geforderten Qualit\u00e4tsstandards<\/strong> zu gew\u00e4hrleisten.<\/p><p data-start=\"1600\" data-end=\"1779\">DERBIO bietet <strong data-start=\"1614\" data-end=\"1643\">ma\u00dfgeschneiderte L\u00f6sungen<\/strong>, die auf den technischen Spezifikationen des Kunden basieren, und unterst\u00fctzt umfassend von der <strong data-start=\"1740\" data-end=\"1776\">Planungsphase bis zur Produktion<\/strong>.<\/p>\t\t\t\t\t\t\t\t<\/div>\n\t\t\t\t<\/div>\n\t\t\t\t<\/div>\n\t\t<div class=\"elementor-element elementor-element-4aa86ae e-con-full e-flex e-con e-child\" data-id=\"4aa86ae\" data-element_type=\"container\" data-e-type=\"container\">\n\t\t\t\t<div class=\"elementor-element elementor-element-624af92 elementor-widget elementor-widget-image\" data-id=\"624af92\" data-element_type=\"widget\" data-e-type=\"widget\" data-widget_type=\"image.default\">\n\t\t\t\t<div class=\"elementor-widget-container\">\n\t\t\t\t\t\t\t\t\t\t\t\t\t\t\t<img fetchpriority=\"high\" decoding=\"async\" width=\"800\" height=\"534\" src=\"https:\/\/www.derbio.com\/wp-content\/uploads\/2024\/09\/IMG_8360_MOD-2-1024x683.webp\" class=\"attachment-large size-large wp-image-1944\" alt=\"\" srcset=\"https:\/\/www.derbio.com\/wp-content\/uploads\/2024\/09\/IMG_8360_MOD-2-1024x683.webp 1024w, https:\/\/www.derbio.com\/wp-content\/uploads\/2024\/09\/IMG_8360_MOD-2-300x200.webp 300w, https:\/\/www.derbio.com\/wp-content\/uploads\/2024\/09\/IMG_8360_MOD-2-768x512.webp 768w, https:\/\/www.derbio.com\/wp-content\/uploads\/2024\/09\/IMG_8360_MOD-2-1536x1024.webp 1536w, https:\/\/www.derbio.com\/wp-content\/uploads\/2024\/09\/IMG_8360_MOD-2.webp 1920w\" sizes=\"(max-width: 800px) 100vw, 800px\" \/>\t\t\t\t\t\t\t\t\t\t\t\t\t\t\t<\/div>\n\t\t\t\t<\/div>\n\t\t\t\t<div class=\"elementor-element elementor-element-9d575ec elementor-widget__width-initial elementor-widget elementor-widget-image\" data-id=\"9d575ec\" data-element_type=\"widget\" data-e-type=\"widget\" data-widget_type=\"image.default\">\n\t\t\t\t<div class=\"elementor-widget-container\">\n\t\t\t\t\t\t\t\t\t\t\t\t\t\t\t<img decoding=\"async\" width=\"800\" height=\"841\" data-src=\"https:\/\/www.derbio.com\/wp-content\/uploads\/2024\/09\/MG_5610-974x1024.webp\" class=\"attachment-large size-large wp-image-954 lazyload\" alt=\"\" data-srcset=\"https:\/\/www.derbio.com\/wp-content\/uploads\/2024\/09\/MG_5610-974x1024.webp 974w, https:\/\/www.derbio.com\/wp-content\/uploads\/2024\/09\/MG_5610-285x300.webp 285w, https:\/\/www.derbio.com\/wp-content\/uploads\/2024\/09\/MG_5610-768x808.webp 768w, https:\/\/www.derbio.com\/wp-content\/uploads\/2024\/09\/MG_5610.webp 1024w\" data-sizes=\"(max-width: 800px) 100vw, 800px\" src=\"data:image\/svg+xml;base64,PHN2ZyB3aWR0aD0iMSIgaGVpZ2h0PSIxIiB4bWxucz0iaHR0cDovL3d3dy53My5vcmcvMjAwMC9zdmciPjwvc3ZnPg==\" style=\"--smush-placeholder-width: 800px; --smush-placeholder-aspect-ratio: 800\/841;\" \/>\t\t\t\t\t\t\t\t\t\t\t\t\t\t\t<\/div>\n\t\t\t\t<\/div>\n\t\t\t\t<\/div>\n\t\t\t\t<\/div>\n\t\t\t\t<div class=\"elementor-element elementor-element-28ef3ef elementor-widget__width-initial elementor-widget elementor-widget-gallery\" data-id=\"28ef3ef\" data-element_type=\"widget\" data-e-type=\"widget\" data-settings=\"{&quot;columns_mobile&quot;:2,&quot;gap&quot;:{&quot;unit&quot;:&quot;px&quot;,&quot;size&quot;:0,&quot;sizes&quot;:[]},&quot;gap_mobile&quot;:{&quot;unit&quot;:&quot;px&quot;,&quot;size&quot;:0,&quot;sizes&quot;:[]},&quot;columns_tablet&quot;:3,&quot;columns_mobile_extra&quot;:3,&quot;gap_mobile_extra&quot;:{&quot;unit&quot;:&quot;px&quot;,&quot;size&quot;:0,&quot;sizes&quot;:[]},&quot;gap_laptop&quot;:{&quot;unit&quot;:&quot;px&quot;,&quot;size&quot;:0,&quot;sizes&quot;:[]},&quot;gap_tablet_extra&quot;:{&quot;unit&quot;:&quot;px&quot;,&quot;size&quot;:0,&quot;sizes&quot;:[]},&quot;gap_tablet&quot;:{&quot;unit&quot;:&quot;px&quot;,&quot;size&quot;:0,&quot;sizes&quot;:[]},&quot;columns&quot;:3,&quot;gallery_layout&quot;:&quot;grid&quot;,&quot;gap_widescreen&quot;:{&quot;unit&quot;:&quot;px&quot;,&quot;size&quot;:&quot;&quot;,&quot;sizes&quot;:[]},&quot;link_to&quot;:&quot;file&quot;,&quot;aspect_ratio&quot;:&quot;3:2&quot;,&quot;content_hover_animation&quot;:&quot;fade-in&quot;}\" data-widget_type=\"gallery.default\">\n\t\t\t\t<div class=\"elementor-widget-container\">\n\t\t\t\t\t\t\t<div class=\"elementor-gallery__container\">\n\t\t\t\t\t\t\t<a class=\"e-gallery-item elementor-gallery-item elementor-animated-content\" href=\"https:\/\/www.derbio.com\/wp-content\/uploads\/2024\/09\/MG_5613.webp\" data-elementor-open-lightbox=\"yes\" data-elementor-lightbox-slideshow=\"28ef3ef\" data-elementor-lightbox-title=\"trasformatore elevatore\" data-e-action-hash=\"#elementor-action%3Aaction%3Dlightbox%26settings%3DeyJpZCI6OTU1LCJ1cmwiOiJodHRwczpcL1wvd3d3LmRlcmJpby5jb21cL3dwLWNvbnRlbnRcL3VwbG9hZHNcLzIwMjRcLzA5XC9NR181NjEzLndlYnAiLCJzbGlkZXNob3ciOiIyOGVmM2VmIn0%3D\">\n\t\t\t\t\t<div class=\"e-gallery-image elementor-gallery-item__image\" data-thumbnail=\"https:\/\/www.derbio.com\/wp-content\/uploads\/2024\/09\/MG_5613-974x1024.webp\" data-width=\"800\" data-height=\"841\" aria-label=\"\" role=\"img\" ><\/div>\n\t\t\t\t\t\t\t\t\t\t\t\t\t\t<\/a>\n\t\t\t\t\t\t\t<a class=\"e-gallery-item elementor-gallery-item elementor-animated-content\" href=\"https:\/\/www.derbio.com\/wp-content\/uploads\/2024\/09\/DSC_0309_MOD-2.webp\" data-elementor-open-lightbox=\"yes\" data-elementor-lightbox-slideshow=\"28ef3ef\" data-elementor-lightbox-title=\"trasformatore elevatore\" data-e-action-hash=\"#elementor-action%3Aaction%3Dlightbox%26settings%3DeyJpZCI6MTk0NSwidXJsIjoiaHR0cHM6XC9cL3d3dy5kZXJiaW8uY29tXC93cC1jb250ZW50XC91cGxvYWRzXC8yMDI0XC8wOVwvRFNDXzAzMDlfTU9ELTIud2VicCIsInNsaWRlc2hvdyI6IjI4ZWYzZWYifQ%3D%3D\">\n\t\t\t\t\t<div class=\"e-gallery-image elementor-gallery-item__image\" data-thumbnail=\"https:\/\/www.derbio.com\/wp-content\/uploads\/2024\/09\/DSC_0309_MOD-2-1024x680.webp\" data-width=\"800\" data-height=\"531\" aria-label=\"\" role=\"img\" ><\/div>\n\t\t\t\t\t\t\t\t\t\t\t\t\t\t<\/a>\n\t\t\t\t\t\t\t<a class=\"e-gallery-item elementor-gallery-item elementor-animated-content\" href=\"https:\/\/www.derbio.com\/wp-content\/uploads\/2024\/09\/MG_5619.webp\" data-elementor-open-lightbox=\"yes\" data-elementor-lightbox-slideshow=\"28ef3ef\" data-elementor-lightbox-title=\"trasformatore elevatore\" data-e-action-hash=\"#elementor-action%3Aaction%3Dlightbox%26settings%3DeyJpZCI6OTU2LCJ1cmwiOiJodHRwczpcL1wvd3d3LmRlcmJpby5jb21cL3dwLWNvbnRlbnRcL3VwbG9hZHNcLzIwMjRcLzA5XC9NR181NjE5LndlYnAiLCJzbGlkZXNob3ciOiIyOGVmM2VmIn0%3D\">\n\t\t\t\t\t<div class=\"e-gallery-image elementor-gallery-item__image\" data-thumbnail=\"https:\/\/www.derbio.com\/wp-content\/uploads\/2024\/09\/MG_5619-974x1024.webp\" data-width=\"800\" data-height=\"841\" aria-label=\"\" role=\"img\" ><\/div>\n\t\t\t\t\t\t\t\t\t\t\t\t\t\t<\/a>\n\t\t\t\t\t<\/div>\n\t\t\t\t\t<\/div>\n\t\t\t\t<\/div>\n\t\t\t\t\t<\/div>\n\t\t\t\t<\/div>\n\t\t\t\t\t<\/div>\n\t\t\t\t<\/div>\n\t\t<div class=\"elementor-element elementor-element-41f7a79 e-flex e-con-boxed e-con e-parent\" data-id=\"41f7a79\" data-element_type=\"container\" data-e-type=\"container\">\n\t\t\t\t\t<div class=\"e-con-inner\">\n\t\t\t\t\t<\/div>\n\t\t\t\t<\/div>\n\t\t\t\t<\/div>\n\t\t","protected":false},"excerpt":{"rendered":"<p>Aufw\u00e4rtstransformatoren Aufw\u00e4rtstransformatoren Die F\u00e4higkeit, Flachlitzenwicklungen herzustellen, erm\u00f6glicht es DERBIO, ein breites Spektrum an Transformatoren anzubieten, die speziell f\u00fcr das Lichtbogenz\u00fcnden in TIG-Schwei\u00dfgeneratoren (Tungsten Inert Gas) entwickelt wurden. Diese Transformatoren sind wesentliche Komponenten, um einen zuverl\u00e4ssigen, stabilen und hochwertigen Betrieb w\u00e4hrend des Schwei\u00dfprozesses sicherzustellen. Die TIG-Z\u00fcndtransformatoren dienen dazu, Hochspannungsimpulse mit hoher Frequenz zu erzeugen, die erforderlich [&hellip;]<\/p>\n","protected":false},"author":3,"featured_media":0,"parent":0,"menu_order":1,"comment_status":"closed","ping_status":"closed","template":"","meta":{"footnotes":""},"class_list":["post-1925","page","type-page","status-publish","hentry"],"_links":{"self":[{"href":"https:\/\/www.derbio.com\/de\/wp-json\/wp\/v2\/pages\/1925","targetHints":{"allow":["GET"]}}],"collection":[{"href":"https:\/\/www.derbio.com\/de\/wp-json\/wp\/v2\/pages"}],"about":[{"href":"https:\/\/www.derbio.com\/de\/wp-json\/wp\/v2\/types\/page"}],"author":[{"embeddable":true,"href":"https:\/\/www.derbio.com\/de\/wp-json\/wp\/v2\/users\/3"}],"replies":[{"embeddable":true,"href":"https:\/\/www.derbio.com\/de\/wp-json\/wp\/v2\/comments?post=1925"}],"version-history":[{"count":4,"href":"https:\/\/www.derbio.com\/de\/wp-json\/wp\/v2\/pages\/1925\/revisions"}],"predecessor-version":[{"id":1988,"href":"https:\/\/www.derbio.com\/de\/wp-json\/wp\/v2\/pages\/1925\/revisions\/1988"}],"wp:attachment":[{"href":"https:\/\/www.derbio.com\/de\/wp-json\/wp\/v2\/media?parent=1925"}],"curies":[{"name":"wp","href":"https:\/\/api.w.org\/{rel}","templated":true}]}}