{"id":1921,"date":"2026-01-29T11:30:00","date_gmt":"2026-01-29T10:30:00","guid":{"rendered":"https:\/\/www.derbio.com\/trasformatori-in-ferrite\/"},"modified":"2026-01-29T16:45:28","modified_gmt":"2026-01-29T15:45:28","slug":"trasformatori-in-ferrite","status":"publish","type":"page","link":"https:\/\/www.derbio.com\/de\/trasformatori-in-ferrite\/","title":{"rendered":"Ferrit-Transformatoren"},"content":{"rendered":"\t\t<div data-elementor-type=\"wp-page\" data-elementor-id=\"1921\" class=\"elementor elementor-1921 elementor-1635\" data-elementor-post-type=\"page\">\n\t\t\t\t<div class=\"elementor-element elementor-element-14db5a8 e-flex e-con-boxed e-con e-parent\" data-id=\"14db5a8\" data-element_type=\"container\" data-e-type=\"container\">\n\t\t\t\t\t<div class=\"e-con-inner\">\n\t\t\t\t\t<\/div>\n\t\t\t\t<\/div>\n\t\t<div class=\"elementor-element elementor-element-34dc90a e-flex e-con-boxed e-con e-parent\" data-id=\"34dc90a\" data-element_type=\"container\" data-e-type=\"container\" id=\"trasformatori-in-ferrite\">\n\t\t\t\t\t<div class=\"e-con-inner\">\n\t\t<div class=\"elementor-element elementor-element-37166c6 e-con-full e-flex e-con e-child\" data-id=\"37166c6\" data-element_type=\"container\" data-e-type=\"container\">\n\t\t<div class=\"elementor-element elementor-element-01289a4 e-con-full e-flex e-con e-child\" data-id=\"01289a4\" data-element_type=\"container\" data-e-type=\"container\">\n\t\t<div class=\"elementor-element elementor-element-18bb1a5 e-con-full e-flex e-con e-child\" data-id=\"18bb1a5\" data-element_type=\"container\" data-e-type=\"container\">\n\t\t\t\t<div class=\"elementor-element elementor-element-7d4234c elementor-invisible elementor-widget elementor-widget-heading\" data-id=\"7d4234c\" data-element_type=\"widget\" data-e-type=\"widget\" data-settings=\"{&quot;_animation&quot;:&quot;fadeIn&quot;}\" data-widget_type=\"heading.default\">\n\t\t\t\t<div class=\"elementor-widget-container\">\n\t\t\t\t\t<h1 class=\"elementor-heading-title elementor-size-default\">FERRITTRANSFORMATOREN NACH MASS F\u00dcR SIE<\/h1>\t\t\t\t<\/div>\n\t\t\t\t<\/div>\n\t\t\t\t<div class=\"elementor-element elementor-element-4055084 elementor-invisible elementor-widget elementor-widget-heading\" data-id=\"4055084\" data-element_type=\"widget\" data-e-type=\"widget\" data-settings=\"{&quot;_animation&quot;:&quot;fadeIn&quot;,&quot;_animation_delay&quot;:200}\" data-widget_type=\"heading.default\">\n\t\t\t\t<div class=\"elementor-widget-container\">\n\t\t\t\t\t<h1 class=\"elementor-heading-title elementor-size-default\">Ferrit-Transformatoren<\/h1>\t\t\t\t<\/div>\n\t\t\t\t<\/div>\n\t\t\t\t<div class=\"elementor-element elementor-element-88ff296 elementor-widget elementor-widget-text-editor\" data-id=\"88ff296\" data-element_type=\"widget\" data-e-type=\"widget\" data-widget_type=\"text-editor.default\">\n\t\t\t\t<div class=\"elementor-widget-container\">\n\t\t\t\t\t\t\t\t\t<p data-start=\"976\" data-end=\"1226\">Derbio entwickelt und produziert Ferrittransformatoren f\u00fcr Hochfrequenz-Leistungselektronikanwendungen, die f\u00fcr Schaltwandler, industrielle Wechselrichter und hocheffiziente Stromversorgungssysteme bestimmt sind.<\/p><p data-start=\"1228\" data-end=\"1407\">Die Ferrittransformatoren von Derbio sind f\u00fcr den Betrieb in einem Frequenzbereich von 10 kHz bis \u00fcber 200 kHz ausgelegt und erm\u00f6glichen im Vergleich zu herk\u00f6mmlichen Blechkerntransformatoren eine erhebliche Verringerung der Abmessungen und Verluste.<\/p>\t\t\t\t\t\t\t\t<\/div>\n\t\t\t\t<\/div>\n\t\t\t\t<\/div>\n\t\t<div class=\"elementor-element elementor-element-409ef6b e-con-full e-flex e-con e-child\" data-id=\"409ef6b\" data-element_type=\"container\" data-e-type=\"container\">\n\t\t\t\t<div class=\"elementor-element elementor-element-3ec50a4 elementor-widget elementor-widget-image\" data-id=\"3ec50a4\" data-element_type=\"widget\" data-e-type=\"widget\" data-widget_type=\"image.default\">\n\t\t\t\t<div class=\"elementor-widget-container\">\n\t\t\t\t\t\t\t\t\t\t\t\t\t\t\t<img fetchpriority=\"high\" decoding=\"async\" width=\"800\" height=\"625\" src=\"https:\/\/www.derbio.com\/wp-content\/uploads\/2024\/09\/IMG_3447_MOD-1024x800.webp\" class=\"attachment-large size-large wp-image-1928\" alt=\"\" srcset=\"https:\/\/www.derbio.com\/wp-content\/uploads\/2024\/09\/IMG_3447_MOD-1024x800.webp 1024w, https:\/\/www.derbio.com\/wp-content\/uploads\/2024\/09\/IMG_3447_MOD-300x234.webp 300w, https:\/\/www.derbio.com\/wp-content\/uploads\/2024\/09\/IMG_3447_MOD-768x600.webp 768w, https:\/\/www.derbio.com\/wp-content\/uploads\/2024\/09\/IMG_3447_MOD.webp 1255w\" sizes=\"(max-width: 800px) 100vw, 800px\" \/>\t\t\t\t\t\t\t\t\t\t\t\t\t\t\t<\/div>\n\t\t\t\t<\/div>\n\t\t\t\t<\/div>\n\t\t\t\t<div class=\"elementor-element elementor-element-a036aad elementor-widget-tablet__width-initial elementor-widget-mobile__width-inherit elementor-widget__width-initial elementor-invisible elementor-widget elementor-widget-icon-box\" data-id=\"a036aad\" data-element_type=\"widget\" data-e-type=\"widget\" data-settings=\"{&quot;_animation&quot;:&quot;fadeIn&quot;}\" data-widget_type=\"icon-box.default\">\n\t\t\t\t<div class=\"elementor-widget-container\">\n\t\t\t\t\t\t\t<div class=\"elementor-icon-box-wrapper\">\n\n\t\t\t\n\t\t\t\t\t\t<div class=\"elementor-icon-box-content\">\n\n\t\t\t\t\t\t\t\t\t<h2 class=\"elementor-icon-box-title\">\n\t\t\t\t\t\t<span  >\n\t\t\t\t\t\t\tEigenschaften unserer Ferrit-Transformatoren\t\t\t\t\t\t<\/span>\n\t\t\t\t\t<\/h2>\n\t\t\t\t\n\t\t\t\t\t\t\t\t\t<p class=\"elementor-icon-box-description\">\n\t\t\t\t\t\t\u2022 vollst\u00e4ndig kundenspezifische L\u00f6sungen<br>\n\u2022 Ferritkerne, ausgew\u00e4hlt aufgrund geringer magnetischer Verluste<br>\n\u2022 optimierte thermische Auslegung<br>\n\u2022 verst\u00e4rkte Isolierung f\u00fcr industrielle Anwendungen<br>\n\u2022 Optimierung der Leiter und Kernr\u00e4ume\t\t\t\t\t<\/p>\n\t\t\t\t\n\t\t\t<\/div>\n\t\t\t\n\t\t<\/div>\n\t\t\t\t\t\t<\/div>\n\t\t\t\t<\/div>\n\t\t\t\t<div class=\"elementor-element elementor-element-c13f1bd elementor-widget-tablet__width-initial elementor-widget-mobile__width-inherit elementor-widget__width-initial elementor-invisible elementor-widget elementor-widget-icon-box\" data-id=\"c13f1bd\" data-element_type=\"widget\" data-e-type=\"widget\" data-settings=\"{&quot;_animation&quot;:&quot;fadeIn&quot;,&quot;_animation_delay&quot;:200}\" data-widget_type=\"icon-box.default\">\n\t\t\t\t<div class=\"elementor-widget-container\">\n\t\t\t\t\t\t\t<div class=\"elementor-icon-box-wrapper\">\n\n\t\t\t\n\t\t\t\t\t\t<div class=\"elementor-icon-box-content\">\n\n\t\t\t\t\t\t\t\t\t<h3 class=\"elementor-icon-box-title\">\n\t\t\t\t\t\t<span  >\n\t\t\t\t\t\t\tAnwendungen von Ferrittransformatoren\t\t\t\t\t\t<\/span>\n\t\t\t\t\t<\/h3>\n\t\t\t\t\n\t\t\t\t\t\t\t\t\t<p class=\"elementor-icon-box-description\">\n\t\t\t\t\t\t\u2022 Industrie-Wechselrichter\n<br><br>\u2022 Hochfrequenzschwei\u00dfger\u00e4te\n<br><br>\u2022 Schaltnetzteile (SMPS)\n<br><br>\u2022 DC\/DC-Wandler\n<br><br>\u2022 Generatoren f\u00fcr Photovoltaikanlagen\n<br><br>\u2022 Generatoren f\u00fcr Windkraftanlagen\n<br><br>\u2022 Mess- und Kontrollinstrumente\n<br><br>\u2022 Wechselrichter f\u00fcr Lebensmittelanwendungen\n<br><br>\u2022 Luft- und Raumfahrtindustrie\n<br><br>\u2022 Agrar- und Lebensmittelindustrie\n<br><br>\n\t\t\t\t\t<\/p>\n\t\t\t\t\n\t\t\t<\/div>\n\t\t\t\n\t\t<\/div>\n\t\t\t\t\t\t<\/div>\n\t\t\t\t<\/div>\n\t\t\t\t<div class=\"elementor-element elementor-element-1dd6ecf elementor-position-inline-start elementor-view-default elementor-mobile-position-block-start elementor-widget elementor-widget-icon-box\" data-id=\"1dd6ecf\" data-element_type=\"widget\" data-e-type=\"widget\" data-widget_type=\"icon-box.default\">\n\t\t\t\t<div class=\"elementor-widget-container\">\n\t\t\t\t\t\t\t<div class=\"elementor-icon-box-wrapper\">\n\n\t\t\t\t\t\t<div class=\"elementor-icon-box-icon\">\n\t\t\t\t<span  class=\"elementor-icon\">\n\t\t\t\t<svg xmlns=\"http:\/\/www.w3.org\/2000\/svg\" id=\"babd51c6-232f-4668-aa27-cf262924e93d\" data-name=\"Layer 1\" width=\"61.8\" height=\"53.9999\" viewBox=\"0 0 61.8 53.9999\"><path d=\"M58.6,34.2a11.0935,11.0935,0,0,0-8.4-3.6,4.0745,4.0745,0,0,1-3-1,4.5281,4.5281,0,0,1-1-3q0-6.6,4.8-13A39.3606,39.3606,0,0,1,62,3.4L59.8.2Q47.2,6.4,41,15.6a35.6044,35.6044,0,0,0-6,20.2q0,8.2,4,13.4a13.8883,13.8883,0,0,0,11.2,5A11.7892,11.7892,0,0,0,58.6,51a11.0936,11.0936,0,0,0,3.6-8.4A11.0936,11.0936,0,0,0,58.6,34.2Z\" transform=\"translate(-0.4 -0.2)\"><\/path><path d=\"M15.6,30.6a4.0745,4.0745,0,0,1-3-1,4.5281,4.5281,0,0,1-1-3q0-6.6,4.8-13a39.3606,39.3606,0,0,1,11-10.2L25.2.2Q12.6,6.4,6.4,15.6a35.6044,35.6044,0,0,0-6,20.2q0,8.2,4,13.4a13.8883,13.8883,0,0,0,11.2,5A11.7892,11.7892,0,0,0,24,51a11.0936,11.0936,0,0,0,3.6-8.4A11.0936,11.0936,0,0,0,24,34.2,11.0935,11.0935,0,0,0,15.6,30.6Z\" transform=\"translate(-0.4 -0.2)\"><\/path><\/svg>\t\t\t\t<\/span>\n\t\t\t<\/div>\n\t\t\t\n\t\t\t\t\t\t<div class=\"elementor-icon-box-content\">\n\n\t\t\t\t\t\t\t\t\t<h3 class=\"elementor-icon-box-title\">\n\t\t\t\t\t\t<span  >\n\t\t\t\t\t\t\tDie M\u00f6glichkeit, sowohl bei der Wahl des Kerns als auch bei der Art der Wicklung Einfluss zu nehmen, erm\u00f6glicht es uns, optimale Ergebnisse f\u00fcr jeden Ferrittransformator zu erzielen.\t\t\t\t\t\t<\/span>\n\t\t\t\t\t<\/h3>\n\t\t\t\t\n\t\t\t\t\n\t\t\t<\/div>\n\t\t\t\n\t\t<\/div>\n\t\t\t\t\t\t<\/div>\n\t\t\t\t<\/div>\n\t\t\t\t<\/div>\n\t\t<div class=\"elementor-element elementor-element-37ce73d e-con-full e-flex e-con e-child\" data-id=\"37ce73d\" data-element_type=\"container\" data-e-type=\"container\">\n\t\t\t\t<div class=\"elementor-element elementor-element-288f080 elementor-widget elementor-widget-gallery\" data-id=\"288f080\" data-element_type=\"widget\" data-e-type=\"widget\" data-settings=\"{&quot;columns&quot;:5,&quot;columns_mobile&quot;:2,&quot;gap&quot;:{&quot;unit&quot;:&quot;px&quot;,&quot;size&quot;:0,&quot;sizes&quot;:[]},&quot;gap_mobile&quot;:{&quot;unit&quot;:&quot;px&quot;,&quot;size&quot;:0,&quot;sizes&quot;:[]},&quot;aspect_ratio&quot;:&quot;1:1&quot;,&quot;columns_tablet&quot;:3,&quot;columns_mobile_extra&quot;:3,&quot;gallery_layout&quot;:&quot;grid&quot;,&quot;gap_widescreen&quot;:{&quot;unit&quot;:&quot;px&quot;,&quot;size&quot;:&quot;&quot;,&quot;sizes&quot;:[]},&quot;gap_laptop&quot;:{&quot;unit&quot;:&quot;px&quot;,&quot;size&quot;:10,&quot;sizes&quot;:[]},&quot;gap_tablet_extra&quot;:{&quot;unit&quot;:&quot;px&quot;,&quot;size&quot;:10,&quot;sizes&quot;:[]},&quot;gap_tablet&quot;:{&quot;unit&quot;:&quot;px&quot;,&quot;size&quot;:10,&quot;sizes&quot;:[]},&quot;gap_mobile_extra&quot;:{&quot;unit&quot;:&quot;px&quot;,&quot;size&quot;:10,&quot;sizes&quot;:[]},&quot;link_to&quot;:&quot;file&quot;,&quot;content_hover_animation&quot;:&quot;fade-in&quot;}\" data-widget_type=\"gallery.default\">\n\t\t\t\t<div class=\"elementor-widget-container\">\n\t\t\t\t\t\t\t<div class=\"elementor-gallery__container\">\n\t\t\t\t\t\t\t<a class=\"e-gallery-item elementor-gallery-item elementor-animated-content\" href=\"https:\/\/www.derbio.com\/wp-content\/uploads\/2024\/03\/MG_5647_cmyk-1024x968-1.jpg\" data-elementor-open-lightbox=\"yes\" data-elementor-lightbox-slideshow=\"288f080\" data-elementor-lightbox-title=\"trasformatore in ferrite\" data-e-action-hash=\"#elementor-action%3Aaction%3Dlightbox%26settings%3DeyJpZCI6NDM2LCJ1cmwiOiJodHRwczpcL1wvd3d3LmRlcmJpby5jb21cL3dwLWNvbnRlbnRcL3VwbG9hZHNcLzIwMjRcLzAzXC9NR181NjQ3X2NteWstMTAyNHg5NjgtMS5qcGciLCJzbGlkZXNob3ciOiIyODhmMDgwIn0%3D\">\n\t\t\t\t\t<div class=\"e-gallery-image elementor-gallery-item__image\" data-thumbnail=\"https:\/\/www.derbio.com\/wp-content\/uploads\/2024\/03\/MG_5647_cmyk-1024x968-1-974x1024.jpg\" data-width=\"800\" data-height=\"841\" aria-label=\"\" role=\"img\" ><\/div>\n\t\t\t\t\t\t\t\t\t\t\t\t\t\t<\/a>\n\t\t\t\t\t\t\t<a class=\"e-gallery-item elementor-gallery-item elementor-animated-content\" href=\"https:\/\/www.derbio.com\/wp-content\/uploads\/2024\/09\/MG_5658.webp\" data-elementor-open-lightbox=\"yes\" data-elementor-lightbox-slideshow=\"288f080\" data-elementor-lightbox-title=\"trasformatore in ferrite\" data-e-action-hash=\"#elementor-action%3Aaction%3Dlightbox%26settings%3DeyJpZCI6OTYzLCJ1cmwiOiJodHRwczpcL1wvd3d3LmRlcmJpby5jb21cL3dwLWNvbnRlbnRcL3VwbG9hZHNcLzIwMjRcLzA5XC9NR181NjU4LndlYnAiLCJzbGlkZXNob3ciOiIyODhmMDgwIn0%3D\">\n\t\t\t\t\t<div class=\"e-gallery-image elementor-gallery-item__image\" data-thumbnail=\"https:\/\/www.derbio.com\/wp-content\/uploads\/2024\/09\/MG_5658-974x1024.webp\" data-width=\"800\" data-height=\"841\" aria-label=\"\" role=\"img\" ><\/div>\n\t\t\t\t\t\t\t\t\t\t\t\t\t\t<\/a>\n\t\t\t\t\t\t\t<a class=\"e-gallery-item elementor-gallery-item elementor-animated-content\" href=\"https:\/\/www.derbio.com\/wp-content\/uploads\/2026\/01\/trasformatori-in-ferrite.png\" data-elementor-open-lightbox=\"yes\" data-elementor-lightbox-slideshow=\"288f080\" data-elementor-lightbox-title=\"trasformatori in ferrite\" data-e-action-hash=\"#elementor-action%3Aaction%3Dlightbox%26settings%3DeyJpZCI6MTc1NCwidXJsIjoiaHR0cHM6XC9cL3d3dy5kZXJiaW8uY29tXC93cC1jb250ZW50XC91cGxvYWRzXC8yMDI2XC8wMVwvdHJhc2Zvcm1hdG9yaS1pbi1mZXJyaXRlLnBuZyIsInNsaWRlc2hvdyI6IjI4OGYwODAifQ%3D%3D\">\n\t\t\t\t\t<div class=\"e-gallery-image elementor-gallery-item__image\" data-thumbnail=\"https:\/\/www.derbio.com\/wp-content\/uploads\/2026\/01\/trasformatori-in-ferrite-1024x683.png\" data-width=\"800\" data-height=\"534\" aria-label=\"\" role=\"img\" ><\/div>\n\t\t\t\t\t\t\t\t\t\t\t\t\t\t<\/a>\n\t\t\t\t\t\t\t<a class=\"e-gallery-item elementor-gallery-item elementor-animated-content\" href=\"https:\/\/www.derbio.com\/wp-content\/uploads\/2024\/09\/MG_5661.webp\" data-elementor-open-lightbox=\"yes\" data-elementor-lightbox-slideshow=\"288f080\" data-elementor-lightbox-title=\"trasformatore in ferrite\" data-e-action-hash=\"#elementor-action%3Aaction%3Dlightbox%26settings%3DeyJpZCI6OTY0LCJ1cmwiOiJodHRwczpcL1wvd3d3LmRlcmJpby5jb21cL3dwLWNvbnRlbnRcL3VwbG9hZHNcLzIwMjRcLzA5XC9NR181NjYxLndlYnAiLCJzbGlkZXNob3ciOiIyODhmMDgwIn0%3D\">\n\t\t\t\t\t<div class=\"e-gallery-image elementor-gallery-item__image\" data-thumbnail=\"https:\/\/www.derbio.com\/wp-content\/uploads\/2024\/09\/MG_5661-974x1024.webp\" data-width=\"800\" data-height=\"841\" aria-label=\"\" role=\"img\" ><\/div>\n\t\t\t\t\t\t\t\t\t\t\t\t\t\t<\/a>\n\t\t\t\t\t\t\t<a class=\"e-gallery-item elementor-gallery-item elementor-animated-content\" href=\"https:\/\/www.derbio.com\/wp-content\/uploads\/2026\/01\/Screenshot-2026-01-29-115611-e1769684292544.png\" data-elementor-open-lightbox=\"yes\" data-elementor-lightbox-slideshow=\"288f080\" data-elementor-lightbox-title=\"trasformatore in ferrite\" data-e-action-hash=\"#elementor-action%3Aaction%3Dlightbox%26settings%3DeyJpZCI6MTc1NywidXJsIjoiaHR0cHM6XC9cL3d3dy5kZXJiaW8uY29tXC93cC1jb250ZW50XC91cGxvYWRzXC8yMDI2XC8wMVwvU2NyZWVuc2hvdC0yMDI2LTAxLTI5LTExNTYxMS1lMTc2OTY4NDI5MjU0NC5wbmciLCJzbGlkZXNob3ciOiIyODhmMDgwIn0%3D\">\n\t\t\t\t\t<div class=\"e-gallery-image elementor-gallery-item__image\" data-thumbnail=\"https:\/\/www.derbio.com\/wp-content\/uploads\/2026\/01\/Screenshot-2026-01-29-115611-e1769684292544.png\" data-width=\"265\" data-height=\"358\" aria-label=\"\" role=\"img\" ><\/div>\n\t\t\t\t\t\t\t\t\t\t\t\t\t\t<\/a>\n\t\t\t\t\t<\/div>\n\t\t\t\t\t<\/div>\n\t\t\t\t<\/div>\n\t\t\t\t<\/div>\n\t\t\t\t<\/div>\n\t\t\t\t\t<\/div>\n\t\t\t\t<\/div>\n\t\t\t\t<\/div>\n\t\t","protected":false},"excerpt":{"rendered":"<p>FERRITTRANSFORMATOREN NACH MASS F\u00dcR SIE Ferrit-Transformatoren Derbio entwickelt und produziert Ferrittransformatoren f\u00fcr Hochfrequenz-Leistungselektronikanwendungen, die f\u00fcr Schaltwandler, industrielle Wechselrichter und hocheffiziente Stromversorgungssysteme bestimmt sind. Die Ferrittransformatoren von Derbio sind f\u00fcr den Betrieb in einem Frequenzbereich von 10 kHz bis \u00fcber 200 kHz ausgelegt und erm\u00f6glichen im Vergleich zu herk\u00f6mmlichen Blechkerntransformatoren eine erhebliche Verringerung der Abmessungen und [&hellip;]<\/p>\n","protected":false},"author":3,"featured_media":0,"parent":0,"menu_order":2,"comment_status":"closed","ping_status":"closed","template":"","meta":{"footnotes":""},"class_list":["post-1921","page","type-page","status-publish","hentry"],"_links":{"self":[{"href":"https:\/\/www.derbio.com\/de\/wp-json\/wp\/v2\/pages\/1921","targetHints":{"allow":["GET"]}}],"collection":[{"href":"https:\/\/www.derbio.com\/de\/wp-json\/wp\/v2\/pages"}],"about":[{"href":"https:\/\/www.derbio.com\/de\/wp-json\/wp\/v2\/types\/page"}],"author":[{"embeddable":true,"href":"https:\/\/www.derbio.com\/de\/wp-json\/wp\/v2\/users\/3"}],"replies":[{"embeddable":true,"href":"https:\/\/www.derbio.com\/de\/wp-json\/wp\/v2\/comments?post=1921"}],"version-history":[{"count":3,"href":"https:\/\/www.derbio.com\/de\/wp-json\/wp\/v2\/pages\/1921\/revisions"}],"predecessor-version":[{"id":1924,"href":"https:\/\/www.derbio.com\/de\/wp-json\/wp\/v2\/pages\/1921\/revisions\/1924"}],"wp:attachment":[{"href":"https:\/\/www.derbio.com\/de\/wp-json\/wp\/v2\/media?parent=1921"}],"curies":[{"name":"wp","href":"https:\/\/api.w.org\/{rel}","templated":true}]}}