{"id":1919,"date":"2026-01-29T10:00:00","date_gmt":"2026-01-29T09:00:00","guid":{"rendered":"https:\/\/www.derbio.com\/windungen-an-der-kueste\/"},"modified":"2026-02-20T14:05:01","modified_gmt":"2026-02-20T13:05:01","slug":"hochkantwicklung","status":"publish","type":"page","link":"https:\/\/www.derbio.com\/de\/hochkantwicklung\/","title":{"rendered":"Hochkantwicklung"},"content":{"rendered":"\t\t<div data-elementor-type=\"wp-page\" data-elementor-id=\"1919\" class=\"elementor elementor-1919 elementor-1654\" data-elementor-post-type=\"page\">\n\t\t\t\t<div class=\"elementor-element elementor-element-14db5a8 e-flex e-con-boxed e-con e-parent\" data-id=\"14db5a8\" data-element_type=\"container\" data-e-type=\"container\">\n\t\t\t\t\t<div class=\"e-con-inner\">\n\t\t\t\t\t<\/div>\n\t\t\t\t<\/div>\n\t\t<div class=\"elementor-element elementor-element-9a286ec e-flex e-con-boxed e-con e-parent\" data-id=\"9a286ec\" data-element_type=\"container\" data-e-type=\"container\" id=\"avvolgimenti-in-costa\">\n\t\t\t\t\t<div class=\"e-con-inner\">\n\t\t<div class=\"elementor-element elementor-element-a2b599f e-flex e-con-boxed e-con e-child\" data-id=\"a2b599f\" data-element_type=\"container\" data-e-type=\"container\">\n\t\t\t\t\t<div class=\"e-con-inner\">\n\t\t<div class=\"elementor-element elementor-element-adb936c e-con-full e-flex e-con e-child\" data-id=\"adb936c\" data-element_type=\"container\" data-e-type=\"container\">\n\t\t<div class=\"elementor-element elementor-element-a65bc32 e-con-full e-flex e-con e-child\" data-id=\"a65bc32\" data-element_type=\"container\" data-e-type=\"container\">\n\t\t\t\t<div class=\"elementor-element elementor-element-1772723 elementor-invisible elementor-widget elementor-widget-heading\" data-id=\"1772723\" data-element_type=\"widget\" data-e-type=\"widget\" data-settings=\"{&quot;_animation&quot;:&quot;fadeIn&quot;}\" data-widget_type=\"heading.default\">\n\t\t\t\t<div class=\"elementor-widget-container\">\n\t\t\t\t\t<h1 class=\"elementor-heading-title elementor-size-default\">Hochkantwicklung<\/h1>\t\t\t\t<\/div>\n\t\t\t\t<\/div>\n\t\t\t\t<div class=\"elementor-element elementor-element-458f47e elementor-invisible elementor-widget elementor-widget-heading\" data-id=\"458f47e\" data-element_type=\"widget\" data-e-type=\"widget\" data-settings=\"{&quot;_animation&quot;:&quot;fadeIn&quot;,&quot;_animation_delay&quot;:200}\" data-widget_type=\"heading.default\">\n\t\t\t\t<div class=\"elementor-widget-container\">\n\t\t\t\t\t<h1 class=\"elementor-heading-title elementor-size-default\">Hochkantwicklung<\/h1>\t\t\t\t<\/div>\n\t\t\t\t<\/div>\n\t\t\t\t<div class=\"elementor-element elementor-element-b1fe77c elementor-widget elementor-widget-text-editor\" data-id=\"b1fe77c\" data-element_type=\"widget\" data-e-type=\"widget\" data-widget_type=\"text-editor.default\">\n\t\t\t\t<div class=\"elementor-widget-container\">\n\t\t\t\t\t\t\t\t\t<p>Dank des hohen Automatisierungsgrades bei Derbio bietet das Unternehmen Lohnfertigungen von Hochkantwicklungen an und realisiert komplette Wicklungen f\u00fcr magnetische Bauteile und industrielle Elektromotoren, einschlie\u00dflich Biegearbeiten und Endenbearbeitung der Anschlussklemmen.<\/p>\n<p>Hochkantwicklungen stellen eine fortschrittliche technische L\u00f6sung f\u00fcr Hochfrequenzanwendungen dar, da sie parasit\u00e4re Kapazit\u00e4ten reduzieren, die W\u00e4rmeableitung verbessern und das EMV-Verhalten (Elektromagnetische Vertr\u00e4glichkeit) optimieren. Dadurch werden elektromagnetische St\u00f6rungen minimiert und die Zuverl\u00e4ssigkeit der Bauteile erh\u00f6ht, wodurch sie ideal f\u00fcr Transformatoren, Induktivit\u00e4ten und Leistungselektronik geeignet sind.<\/p>\n<p>Die spezielle Leitergeometrie gew\u00e4hrleistet zudem eine gleichm\u00e4\u00dfige und optimierte K\u00fchlung, dank einer gleichm\u00e4\u00dfigeren Stromverteilung und einer effizienteren Nutzung des Leiterquerschnitts<\/p>\t\t\t\t\t\t\t\t<\/div>\n\t\t\t\t<\/div>\n\t\t\t\t<\/div>\n\t\t\t\t<div class=\"elementor-element elementor-element-6a53cf3 elementor-widget elementor-widget-image\" data-id=\"6a53cf3\" data-element_type=\"widget\" data-e-type=\"widget\" data-widget_type=\"image.default\">\n\t\t\t\t<div class=\"elementor-widget-container\">\n\t\t\t\t\t\t\t\t\t\t\t\t\t\t\t<img fetchpriority=\"high\" decoding=\"async\" width=\"800\" height=\"625\" src=\"https:\/\/www.derbio.com\/wp-content\/uploads\/2024\/03\/IMG_7234-1024x798-1.jpg\" class=\"attachment-large size-large wp-image-2152\" alt=\"\" srcset=\"https:\/\/www.derbio.com\/wp-content\/uploads\/2024\/03\/IMG_7234-1024x798-1.jpg 1024w, https:\/\/www.derbio.com\/wp-content\/uploads\/2024\/03\/IMG_7234-1024x798-1-300x234.jpg 300w, https:\/\/www.derbio.com\/wp-content\/uploads\/2024\/03\/IMG_7234-1024x798-1-768x600.jpg 768w\" sizes=\"(max-width: 800px) 100vw, 800px\" \/>\t\t\t\t\t\t\t\t\t\t\t\t\t\t\t<\/div>\n\t\t\t\t<\/div>\n\t\t\t\t<\/div>\n\t\t\t\t<div class=\"elementor-element elementor-element-f59771e elementor-widget elementor-widget-gallery\" data-id=\"f59771e\" data-element_type=\"widget\" data-e-type=\"widget\" data-settings=\"{&quot;columns_mobile&quot;:2,&quot;gap&quot;:{&quot;unit&quot;:&quot;px&quot;,&quot;size&quot;:0,&quot;sizes&quot;:[]},&quot;gap_mobile&quot;:{&quot;unit&quot;:&quot;px&quot;,&quot;size&quot;:0,&quot;sizes&quot;:[]},&quot;aspect_ratio&quot;:&quot;1:1&quot;,&quot;columns_tablet&quot;:3,&quot;columns_mobile_extra&quot;:3,&quot;gap_mobile_extra&quot;:{&quot;unit&quot;:&quot;px&quot;,&quot;size&quot;:0,&quot;sizes&quot;:[]},&quot;columns&quot;:5,&quot;gallery_layout&quot;:&quot;grid&quot;,&quot;gap_widescreen&quot;:{&quot;unit&quot;:&quot;px&quot;,&quot;size&quot;:&quot;&quot;,&quot;sizes&quot;:[]},&quot;gap_laptop&quot;:{&quot;unit&quot;:&quot;px&quot;,&quot;size&quot;:10,&quot;sizes&quot;:[]},&quot;gap_tablet_extra&quot;:{&quot;unit&quot;:&quot;px&quot;,&quot;size&quot;:10,&quot;sizes&quot;:[]},&quot;gap_tablet&quot;:{&quot;unit&quot;:&quot;px&quot;,&quot;size&quot;:10,&quot;sizes&quot;:[]},&quot;link_to&quot;:&quot;file&quot;,&quot;content_hover_animation&quot;:&quot;fade-in&quot;}\" data-widget_type=\"gallery.default\">\n\t\t\t\t<div class=\"elementor-widget-container\">\n\t\t\t\t\t\t\t<div class=\"elementor-gallery__container\">\n\t\t\t\t\t\t\t<a class=\"e-gallery-item elementor-gallery-item elementor-animated-content\" href=\"https:\/\/www.derbio.com\/wp-content\/uploads\/2024\/09\/MG_5627.webp\" data-elementor-open-lightbox=\"yes\" data-elementor-lightbox-slideshow=\"f59771e\" data-elementor-lightbox-title=\"avvolgimento in costa\" data-e-action-hash=\"#elementor-action%3Aaction%3Dlightbox%26settings%3DeyJpZCI6OTQ5LCJ1cmwiOiJodHRwczpcL1wvd3d3LmRlcmJpby5jb21cL3dwLWNvbnRlbnRcL3VwbG9hZHNcLzIwMjRcLzA5XC9NR181NjI3LndlYnAiLCJzbGlkZXNob3ciOiJmNTk3NzFlIn0%3D\">\n\t\t\t\t\t<div class=\"e-gallery-image elementor-gallery-item__image\" data-thumbnail=\"https:\/\/www.derbio.com\/wp-content\/uploads\/2024\/09\/MG_5627.webp\" data-width=\"800\" data-height=\"625\" aria-label=\"\" role=\"img\" ><\/div>\n\t\t\t\t\t\t\t\t\t\t\t\t\t\t<\/a>\n\t\t\t\t\t\t\t<a class=\"e-gallery-item elementor-gallery-item elementor-animated-content\" href=\"https:\/\/www.derbio.com\/wp-content\/uploads\/2024\/09\/IMG_3467_MOD.webp\" data-elementor-open-lightbox=\"yes\" data-elementor-lightbox-slideshow=\"f59771e\" data-elementor-lightbox-title=\"avvolgimento in costa\" data-e-action-hash=\"#elementor-action%3Aaction%3Dlightbox%26settings%3DeyJpZCI6OTUwLCJ1cmwiOiJodHRwczpcL1wvd3d3LmRlcmJpby5jb21cL3dwLWNvbnRlbnRcL3VwbG9hZHNcLzIwMjRcLzA5XC9JTUdfMzQ2N19NT0Qud2VicCIsInNsaWRlc2hvdyI6ImY1OTc3MWUifQ%3D%3D\">\n\t\t\t\t\t<div class=\"e-gallery-image elementor-gallery-item__image\" data-thumbnail=\"https:\/\/www.derbio.com\/wp-content\/uploads\/2024\/09\/IMG_3467_MOD-1024x800.webp\" data-width=\"800\" data-height=\"625\" aria-label=\"\" role=\"img\" ><\/div>\n\t\t\t\t\t\t\t\t\t\t\t\t\t\t<\/a>\n\t\t\t\t\t\t\t<a class=\"e-gallery-item elementor-gallery-item elementor-animated-content\" href=\"https:\/\/www.derbio.com\/wp-content\/uploads\/2024\/03\/avv4.jpg\" data-elementor-open-lightbox=\"yes\" data-elementor-lightbox-slideshow=\"f59771e\" data-elementor-lightbox-title=\"avvolgimenti in costa\" data-e-action-hash=\"#elementor-action%3Aaction%3Dlightbox%26settings%3DeyJpZCI6NTAyLCJ1cmwiOiJodHRwczpcL1wvd3d3LmRlcmJpby5jb21cL3dwLWNvbnRlbnRcL3VwbG9hZHNcLzIwMjRcLzAzXC9hdnY0LmpwZyIsInNsaWRlc2hvdyI6ImY1OTc3MWUifQ%3D%3D\">\n\t\t\t\t\t<div class=\"e-gallery-image elementor-gallery-item__image\" data-thumbnail=\"https:\/\/www.derbio.com\/wp-content\/uploads\/2024\/03\/avv4.jpg\" data-width=\"800\" data-height=\"625\" aria-label=\"\" role=\"img\" ><\/div>\n\t\t\t\t\t\t\t\t\t\t\t\t\t\t<\/a>\n\t\t\t\t\t\t\t<a class=\"e-gallery-item elementor-gallery-item elementor-animated-content\" href=\"https:\/\/www.derbio.com\/wp-content\/uploads\/2024\/03\/avv2.jpg\" data-elementor-open-lightbox=\"yes\" data-elementor-lightbox-slideshow=\"f59771e\" data-elementor-lightbox-title=\"edgewise winding\" data-e-action-hash=\"#elementor-action%3Aaction%3Dlightbox%26settings%3DeyJpZCI6NTAxLCJ1cmwiOiJodHRwczpcL1wvd3d3LmRlcmJpby5jb21cL3dwLWNvbnRlbnRcL3VwbG9hZHNcLzIwMjRcLzAzXC9hdnYyLmpwZyIsInNsaWRlc2hvdyI6ImY1OTc3MWUifQ%3D%3D\">\n\t\t\t\t\t<div class=\"e-gallery-image elementor-gallery-item__image\" data-thumbnail=\"https:\/\/www.derbio.com\/wp-content\/uploads\/2024\/03\/avv2.jpg\" data-width=\"800\" data-height=\"625\" aria-label=\"\" role=\"img\" ><\/div>\n\t\t\t\t\t\t\t\t\t\t\t\t\t\t<\/a>\n\t\t\t\t\t\t\t<a class=\"e-gallery-item elementor-gallery-item elementor-animated-content\" href=\"https:\/\/www.derbio.com\/wp-content\/uploads\/2024\/03\/avv1.jpg\" data-elementor-open-lightbox=\"yes\" data-elementor-lightbox-slideshow=\"f59771e\" data-elementor-lightbox-title=\"edgewise winding\" data-e-action-hash=\"#elementor-action%3Aaction%3Dlightbox%26settings%3DeyJpZCI6NTAwLCJ1cmwiOiJodHRwczpcL1wvd3d3LmRlcmJpby5jb21cL3dwLWNvbnRlbnRcL3VwbG9hZHNcLzIwMjRcLzAzXC9hdnYxLmpwZyIsInNsaWRlc2hvdyI6ImY1OTc3MWUifQ%3D%3D\">\n\t\t\t\t\t<div class=\"e-gallery-image elementor-gallery-item__image\" data-thumbnail=\"https:\/\/www.derbio.com\/wp-content\/uploads\/2024\/03\/avv1.jpg\" data-width=\"800\" data-height=\"625\" aria-label=\"\" role=\"img\" ><\/div>\n\t\t\t\t\t\t\t\t\t\t\t\t\t\t<\/a>\n\t\t\t\t\t<\/div>\n\t\t\t\t\t<\/div>\n\t\t\t\t<\/div>\n\t\t\t\t\t<\/div>\n\t\t\t\t<\/div>\n\t\t\t\t\t<\/div>\n\t\t\t\t<\/div>\n\t\t\t\t<\/div>\n\t\t","protected":false},"excerpt":{"rendered":"<p>Hochkantwicklung Hochkantwicklung Dank des hohen Automatisierungsgrades bei Derbio bietet das Unternehmen Lohnfertigungen von Hochkantwicklungen an und realisiert komplette Wicklungen f\u00fcr magnetische Bauteile und industrielle Elektromotoren, einschlie\u00dflich Biegearbeiten und Endenbearbeitung der Anschlussklemmen. Hochkantwicklungen stellen eine fortschrittliche technische L\u00f6sung f\u00fcr Hochfrequenzanwendungen dar, da sie parasit\u00e4re Kapazit\u00e4ten reduzieren, die W\u00e4rmeableitung verbessern und das EMV-Verhalten (Elektromagnetische Vertr\u00e4glichkeit) optimieren. Dadurch [&hellip;]<\/p>\n","protected":false},"author":3,"featured_media":0,"parent":0,"menu_order":0,"comment_status":"closed","ping_status":"closed","template":"","meta":{"footnotes":""},"class_list":["post-1919","page","type-page","status-publish","hentry"],"_links":{"self":[{"href":"https:\/\/www.derbio.com\/de\/wp-json\/wp\/v2\/pages\/1919","targetHints":{"allow":["GET"]}}],"collection":[{"href":"https:\/\/www.derbio.com\/de\/wp-json\/wp\/v2\/pages"}],"about":[{"href":"https:\/\/www.derbio.com\/de\/wp-json\/wp\/v2\/types\/page"}],"author":[{"embeddable":true,"href":"https:\/\/www.derbio.com\/de\/wp-json\/wp\/v2\/users\/3"}],"replies":[{"embeddable":true,"href":"https:\/\/www.derbio.com\/de\/wp-json\/wp\/v2\/comments?post=1919"}],"version-history":[{"count":11,"href":"https:\/\/www.derbio.com\/de\/wp-json\/wp\/v2\/pages\/1919\/revisions"}],"predecessor-version":[{"id":2158,"href":"https:\/\/www.derbio.com\/de\/wp-json\/wp\/v2\/pages\/1919\/revisions\/2158"}],"wp:attachment":[{"href":"https:\/\/www.derbio.com\/de\/wp-json\/wp\/v2\/media?parent=1919"}],"curies":[{"name":"wp","href":"https:\/\/api.w.org\/{rel}","templated":true}]}}