{"id":1891,"date":"2024-01-29T18:13:03","date_gmt":"2024-01-29T17:13:03","guid":{"rendered":"https:\/\/www.derbio.com\/unternehmen\/"},"modified":"2026-03-06T10:47:09","modified_gmt":"2026-03-06T09:47:09","slug":"unternehmen","status":"publish","type":"page","link":"https:\/\/www.derbio.com\/de\/unternehmen\/","title":{"rendered":"unternehmen"},"content":{"rendered":"\t\t<div data-elementor-type=\"wp-page\" data-elementor-id=\"1891\" class=\"elementor elementor-1891 elementor-90\" data-elementor-post-type=\"page\">\n\t\t\t\t<div class=\"elementor-element elementor-element-7e1c8640 e-con-full e-flex e-con e-parent\" data-id=\"7e1c8640\" data-element_type=\"container\" data-e-type=\"container\" data-settings=\"{&quot;background_background&quot;:&quot;classic&quot;}\">\n\t\t<div class=\"elementor-element elementor-element-595d6c92 e-con-full e-flex elementor-invisible e-con e-child\" data-id=\"595d6c92\" data-element_type=\"container\" data-e-type=\"container\" data-settings=\"{&quot;background_background&quot;:&quot;classic&quot;,&quot;animation&quot;:&quot;slideInLeft&quot;}\">\n\t\t\t\t<\/div>\n\t\t<div class=\"elementor-element elementor-element-1a97f4b9 e-con-full e-flex e-con e-child\" data-id=\"1a97f4b9\" data-element_type=\"container\" data-e-type=\"container\">\n\t\t<div class=\"elementor-element elementor-element-33b907f e-flex e-con-boxed e-con e-child\" data-id=\"33b907f\" data-element_type=\"container\" data-e-type=\"container\">\n\t\t\t\t\t<div class=\"e-con-inner\">\n\t\t\t\t<div class=\"elementor-element elementor-element-1a8bc6d7 animated-slow elementor-invisible elementor-widget elementor-widget-heading\" data-id=\"1a8bc6d7\" data-element_type=\"widget\" data-e-type=\"widget\" data-settings=\"{&quot;_animation&quot;:&quot;fadeInLeft&quot;,&quot;_animation_delay&quot;:600}\" data-widget_type=\"heading.default\">\n\t\t\t\t<div class=\"elementor-widget-container\">\n\t\t\t\t\t<h1 class=\"elementor-heading-title elementor-size-default\">unsere erfahrung<\/h1>\t\t\t\t<\/div>\n\t\t\t\t<\/div>\n\t\t\t\t<div class=\"elementor-element elementor-element-47f9f148 elementor-invisible elementor-widget elementor-widget-heading\" data-id=\"47f9f148\" data-element_type=\"widget\" data-e-type=\"widget\" data-settings=\"{&quot;_animation&quot;:&quot;fadeInDown&quot;,&quot;_animation_delay&quot;:1400}\" data-widget_type=\"heading.default\">\n\t\t\t\t<div class=\"elementor-widget-container\">\n\t\t\t\t\t<h2 class=\"elementor-heading-title elementor-size-default\">seit vier jahrzehnten<\/h2>\t\t\t\t<\/div>\n\t\t\t\t<\/div>\n\t\t\t\t\t<\/div>\n\t\t\t\t<\/div>\n\t\t<div class=\"elementor-element elementor-element-6a9990f3 e-flex e-con-boxed elementor-invisible e-con e-child\" data-id=\"6a9990f3\" data-element_type=\"container\" data-e-type=\"container\" data-settings=\"{&quot;motion_fx_motion_fx_scrolling&quot;:&quot;yes&quot;,&quot;motion_fx_translateY_effect&quot;:&quot;yes&quot;,&quot;motion_fx_translateY_speed&quot;:{&quot;unit&quot;:&quot;px&quot;,&quot;size&quot;:2,&quot;sizes&quot;:[]},&quot;animation&quot;:&quot;fadeIn&quot;,&quot;animation_delay&quot;:2000,&quot;background_background&quot;:&quot;slideshow&quot;,&quot;background_slideshow_gallery&quot;:[{&quot;id&quot;:1915,&quot;url&quot;:&quot;https:\\\/\\\/www.derbio.com\\\/wp-content\\\/uploads\\\/2024\\\/09\\\/interno-4.webp&quot;},{&quot;id&quot;:1914,&quot;url&quot;:&quot;https:\\\/\\\/www.derbio.com\\\/wp-content\\\/uploads\\\/2024\\\/09\\\/interno-3.webp&quot;}],&quot;background_slideshow_slide_duration&quot;:4000,&quot;background_slideshow_loop&quot;:&quot;yes&quot;,&quot;background_slideshow_slide_transition&quot;:&quot;fade&quot;,&quot;background_slideshow_transition_duration&quot;:500,&quot;motion_fx_translateY_affectedRange&quot;:{&quot;unit&quot;:&quot;%&quot;,&quot;size&quot;:&quot;&quot;,&quot;sizes&quot;:{&quot;start&quot;:0,&quot;end&quot;:100}},&quot;motion_fx_devices&quot;:[&quot;widescreen&quot;,&quot;desktop&quot;,&quot;laptop&quot;,&quot;tablet_extra&quot;,&quot;tablet&quot;,&quot;mobile_extra&quot;,&quot;mobile&quot;]}\">\n\t\t\t\t\t<div class=\"e-con-inner\">\n\t\t\t\t<div class=\"elementor-element elementor-element-34dc5f77 elementor-widget-mobile__width-initial animated-slow elementor-hidden-widescreen elementor-hidden-desktop elementor-hidden-laptop elementor-hidden-tablet_extra elementor-hidden-tablet elementor-hidden-mobile_extra elementor-hidden-mobile elementor-widget elementor-widget-image\" data-id=\"34dc5f77\" data-element_type=\"widget\" data-e-type=\"widget\" data-settings=\"{&quot;motion_fx_motion_fx_scrolling&quot;:&quot;yes&quot;,&quot;motion_fx_translateY_effect&quot;:&quot;yes&quot;,&quot;motion_fx_translateY_direction&quot;:&quot;negative&quot;,&quot;motion_fx_translateY_speed&quot;:{&quot;unit&quot;:&quot;px&quot;,&quot;size&quot;:1.5,&quot;sizes&quot;:[]},&quot;_animation&quot;:&quot;none&quot;,&quot;motion_fx_translateY_affectedRange&quot;:{&quot;unit&quot;:&quot;%&quot;,&quot;size&quot;:&quot;&quot;,&quot;sizes&quot;:{&quot;start&quot;:0,&quot;end&quot;:100}},&quot;motion_fx_devices&quot;:[&quot;widescreen&quot;,&quot;desktop&quot;,&quot;laptop&quot;,&quot;tablet_extra&quot;,&quot;tablet&quot;,&quot;mobile_extra&quot;,&quot;mobile&quot;]}\" data-widget_type=\"image.default\">\n\t\t\t\t<div class=\"elementor-widget-container\">\n\t\t\t\t\t\t\t\t\t\t\t\t\t\t\t<img fetchpriority=\"high\" decoding=\"async\" width=\"2400\" height=\"1315\" src=\"https:\/\/www.derbio.com\/wp-content\/uploads\/2024\/09\/interno-3.webp\" class=\"attachment-full size-full wp-image-1914\" alt=\"\" srcset=\"https:\/\/www.derbio.com\/wp-content\/uploads\/2024\/09\/interno-3.webp 2400w, https:\/\/www.derbio.com\/wp-content\/uploads\/2024\/09\/interno-3-300x164.webp 300w, https:\/\/www.derbio.com\/wp-content\/uploads\/2024\/09\/interno-3-1024x561.webp 1024w, https:\/\/www.derbio.com\/wp-content\/uploads\/2024\/09\/interno-3-768x421.webp 768w, https:\/\/www.derbio.com\/wp-content\/uploads\/2024\/09\/interno-3-1536x842.webp 1536w, https:\/\/www.derbio.com\/wp-content\/uploads\/2024\/09\/interno-3-2048x1122.webp 2048w\" sizes=\"(max-width: 2400px) 100vw, 2400px\" \/>\t\t\t\t\t\t\t\t\t\t\t\t\t\t\t<\/div>\n\t\t\t\t<\/div>\n\t\t\t\t\t<\/div>\n\t\t\t\t<\/div>\n\t\t\t\t<\/div>\n\t\t\t\t<\/div>\n\t\t<div class=\"elementor-element elementor-element-597845e3 e-flex e-con-boxed e-con e-parent\" data-id=\"597845e3\" data-element_type=\"container\" data-e-type=\"container\" data-settings=\"{&quot;background_background&quot;:&quot;classic&quot;}\">\n\t\t\t\t\t<div class=\"e-con-inner\">\n\t\t<div class=\"elementor-element elementor-element-59a33a78 e-con-full e-flex e-con e-child\" data-id=\"59a33a78\" data-element_type=\"container\" data-e-type=\"container\">\n\t\t<div class=\"elementor-element elementor-element-48604294 e-con-full e-flex e-con e-child\" data-id=\"48604294\" data-element_type=\"container\" data-e-type=\"container\">\n\t\t\t\t<div class=\"elementor-element elementor-element-4af211f3 elementor-invisible elementor-widget elementor-widget-heading\" data-id=\"4af211f3\" data-element_type=\"widget\" data-e-type=\"widget\" data-settings=\"{&quot;_animation&quot;:&quot;fadeIn&quot;}\" data-widget_type=\"heading.default\">\n\t\t\t\t<div class=\"elementor-widget-container\">\n\t\t\t\t\t<h6 class=\"elementor-heading-title elementor-size-default\">Die Wurzeln<\/h6>\t\t\t\t<\/div>\n\t\t\t\t<\/div>\n\t\t\t\t<div class=\"elementor-element elementor-element-2aa34ea1 elementor-invisible elementor-widget elementor-widget-heading\" data-id=\"2aa34ea1\" data-element_type=\"widget\" data-e-type=\"widget\" data-settings=\"{&quot;_animation&quot;:&quot;fadeIn&quot;,&quot;_animation_delay&quot;:200}\" data-widget_type=\"heading.default\">\n\t\t\t\t<div class=\"elementor-widget-container\">\n\t\t\t\t\t<h2 class=\"elementor-heading-title elementor-size-default\">Unsere Geschichte<\/h2>\t\t\t\t<\/div>\n\t\t\t\t<\/div>\n\t\t\t\t<div class=\"elementor-element elementor-element-7afc2d9c elementor-widget elementor-widget-text-editor\" data-id=\"7afc2d9c\" data-element_type=\"widget\" data-e-type=\"widget\" data-widget_type=\"text-editor.default\">\n\t\t\t\t<div class=\"elementor-widget-container\">\n\t\t\t\t\t\t\t\t\t<p>Derbio wurde 1985 gegr\u00fcndet und begann als Hersteller von Industrietransformatoren f\u00fcr Hochfrequenzumrichter. Anfangs konzentrierte sich das Unternehmen auf <b>einen aufstrebenden Technologiesektor in Italien<\/b> und erwarb schnell <b>ein hohes Ma\u00df an Fachwissen in diesem Bereich<\/b>. Im Laufe der Jahre ist Derbio kontinuierlich gewachsen und hat seine Produktpalette erweitert.  <\/p><p>Neben <b>Hochfrequenz-Industrietransformatoren<\/b> umfasst das Angebot von Derbio nun auch <b>Nivellierdrosseln<\/b> und <b>Filter f\u00fcr Antriebe<\/b> und <b>Generatoren<\/b>. Diese strategische Diversifizierung hat es dem Unternehmen erm\u00f6glicht, die Bed\u00fcrfnisse seiner Kunden noch umfassender zu erf\u00fcllen und gleichzeitig seine f\u00fchrende Position in der Branche zu behaupten. <\/p>\t\t\t\t\t\t\t\t<\/div>\n\t\t\t\t<\/div>\n\t\t\t\t<\/div>\n\t\t\t\t<div class=\"elementor-element elementor-element-aacb35a elementor-widget-tablet__width-initial elementor-widget-mobile__width-inherit elementor-invisible elementor-widget elementor-widget-icon-box\" data-id=\"aacb35a\" data-element_type=\"widget\" data-e-type=\"widget\" data-settings=\"{&quot;_animation&quot;:&quot;fadeIn&quot;}\" data-widget_type=\"icon-box.default\">\n\t\t\t\t<div class=\"elementor-widget-container\">\n\t\t\t\t\t\t\t<div class=\"elementor-icon-box-wrapper\">\n\n\t\t\t\n\t\t\t\t\t\t<div class=\"elementor-icon-box-content\">\n\n\t\t\t\t\t\t\t\t\t<h3 class=\"elementor-icon-box-title\">\n\t\t\t\t\t\t<span  >\n\t\t\t\t\t\t\tSorgfalt und Flexibilit\u00e4t\t\t\t\t\t\t<\/span>\n\t\t\t\t\t<\/h3>\n\t\t\t\t\n\t\t\t\t\t\t\t\t\t<p class=\"elementor-icon-box-description\">\n\t\t\t\t\t\tDie besondere St\u00e4rke von Derbio liegt in der st\u00e4ndigen Ausrichtung auf die Bed\u00fcrfnisse der Kunden und in der Flexibilit\u00e4t bei der Bew\u00e4ltigung von Marktentwicklungen. Das Unternehmen hat sich stets angepasst und erneuert und im Laufe der Zeit <b>fortschrittliche F\u00e4higkeiten in den Bereichen Design, Produktionsautomatisierung und Industrialisierung von kundenspezifischen Produkten<\/b> entwickelt <b>.<\/b> \t\t\t\t\t<\/p>\n\t\t\t\t\n\t\t\t<\/div>\n\t\t\t\n\t\t<\/div>\n\t\t\t\t\t\t<\/div>\n\t\t\t\t<\/div>\n\t\t\t\t<div class=\"elementor-element elementor-element-669b48ab elementor-widget-tablet__width-initial elementor-widget-mobile__width-inherit elementor-invisible elementor-widget elementor-widget-icon-box\" data-id=\"669b48ab\" data-element_type=\"widget\" data-e-type=\"widget\" data-settings=\"{&quot;_animation&quot;:&quot;fadeIn&quot;,&quot;_animation_delay&quot;:200}\" data-widget_type=\"icon-box.default\">\n\t\t\t\t<div class=\"elementor-widget-container\">\n\t\t\t\t\t\t\t<div class=\"elementor-icon-box-wrapper\">\n\n\t\t\t\n\t\t\t\t\t\t<div class=\"elementor-icon-box-content\">\n\n\t\t\t\t\t\t\t\t\t<h3 class=\"elementor-icon-box-title\">\n\t\t\t\t\t\t<span  >\n\t\t\t\t\t\t\tHeute\t\t\t\t\t\t<\/span>\n\t\t\t\t\t<\/h3>\n\t\t\t\t\n\t\t\t\t\t\t\t\t\t<p class=\"elementor-icon-box-description\">\n\t\t\t\t\t\tHeute ist Derbio dank einer langen Geschichte des Erfolgs, der Zuverl\u00e4ssigkeit und des Know-hows weiterhin ein Ma\u00dfstab in der Branche. Der Ruf des Unternehmens beruht auf seiner F\u00e4higkeit, <b>ma\u00dfgeschneiderte, qualitativ hochwertige L\u00f6sungen<\/b> anzubieten, die seine technische Exzellenz best\u00e4tigen. \t\t\t\t\t<\/p>\n\t\t\t\t\n\t\t\t<\/div>\n\t\t\t\n\t\t<\/div>\n\t\t\t\t\t\t<\/div>\n\t\t\t\t<\/div>\n\t\t\t\t<\/div>\n\t\t<div class=\"elementor-element elementor-element-6ff559cd e-con-full e-flex e-con e-child\" data-id=\"6ff559cd\" data-element_type=\"container\" data-e-type=\"container\">\n\t\t<div class=\"elementor-element elementor-element-759b34ab e-con-full e-flex e-con e-child\" data-id=\"759b34ab\" data-element_type=\"container\" data-e-type=\"container\" data-settings=\"{&quot;background_motion_fx_translateY_effect&quot;:&quot;yes&quot;,&quot;background_motion_fx_translateY_speed&quot;:{&quot;unit&quot;:&quot;px&quot;,&quot;size&quot;:2.5,&quot;sizes&quot;:[]},&quot;motion_fx_motion_fx_scrolling&quot;:&quot;yes&quot;,&quot;motion_fx_translateY_effect&quot;:&quot;yes&quot;,&quot;motion_fx_translateY_direction&quot;:&quot;negative&quot;,&quot;motion_fx_translateY_speed&quot;:{&quot;unit&quot;:&quot;px&quot;,&quot;size&quot;:1,&quot;sizes&quot;:[]},&quot;background_motion_fx_translateY_affectedRange&quot;:{&quot;unit&quot;:&quot;%&quot;,&quot;size&quot;:&quot;&quot;,&quot;sizes&quot;:{&quot;start&quot;:0,&quot;end&quot;:100}},&quot;background_motion_fx_devices&quot;:[&quot;widescreen&quot;,&quot;desktop&quot;,&quot;laptop&quot;,&quot;tablet_extra&quot;,&quot;tablet&quot;,&quot;mobile_extra&quot;,&quot;mobile&quot;],&quot;motion_fx_translateY_affectedRange&quot;:{&quot;unit&quot;:&quot;%&quot;,&quot;size&quot;:&quot;&quot;,&quot;sizes&quot;:{&quot;start&quot;:0,&quot;end&quot;:100}},&quot;motion_fx_devices&quot;:[&quot;widescreen&quot;,&quot;desktop&quot;,&quot;laptop&quot;,&quot;tablet_extra&quot;,&quot;tablet&quot;,&quot;mobile_extra&quot;,&quot;mobile&quot;]}\">\n\t\t\t\t<div class=\"elementor-element elementor-element-ecc2092 elementor-widget__width-initial elementor-widget elementor-widget-image\" data-id=\"ecc2092\" data-element_type=\"widget\" data-e-type=\"widget\" data-widget_type=\"image.default\">\n\t\t\t\t<div class=\"elementor-widget-container\">\n\t\t\t\t\t\t\t\t\t\t\t\t\t\t\t<img decoding=\"async\" width=\"800\" height=\"747\" data-src=\"https:\/\/www.derbio.com\/wp-content\/uploads\/2024\/09\/IMG_3434_mod-1024x956.webp\" class=\"attachment-large size-large wp-image-1897 lazyload\" alt=\"\" data-srcset=\"https:\/\/www.derbio.com\/wp-content\/uploads\/2024\/09\/IMG_3434_mod-1024x956.webp 1024w, https:\/\/www.derbio.com\/wp-content\/uploads\/2024\/09\/IMG_3434_mod-300x280.webp 300w, https:\/\/www.derbio.com\/wp-content\/uploads\/2024\/09\/IMG_3434_mod-768x717.webp 768w, https:\/\/www.derbio.com\/wp-content\/uploads\/2024\/09\/IMG_3434_mod.webp 1180w\" data-sizes=\"(max-width: 800px) 100vw, 800px\" src=\"data:image\/svg+xml;base64,PHN2ZyB3aWR0aD0iMSIgaGVpZ2h0PSIxIiB4bWxucz0iaHR0cDovL3d3dy53My5vcmcvMjAwMC9zdmciPjwvc3ZnPg==\" style=\"--smush-placeholder-width: 800px; --smush-placeholder-aspect-ratio: 800\/747;\" \/>\t\t\t\t\t\t\t\t\t\t\t\t\t\t\t<\/div>\n\t\t\t\t<\/div>\n\t\t\t\t<div class=\"elementor-element elementor-element-f1adb05 elementor-widget__width-initial elementor-widget elementor-widget-image\" data-id=\"f1adb05\" data-element_type=\"widget\" data-e-type=\"widget\" data-widget_type=\"image.default\">\n\t\t\t\t<div class=\"elementor-widget-container\">\n\t\t\t\t\t\t\t\t\t\t\t\t\t\t\t<img decoding=\"async\" width=\"800\" height=\"927\" data-src=\"https:\/\/www.derbio.com\/wp-content\/uploads\/2024\/09\/IMG_8241_mod-884x1024.webp\" class=\"attachment-large size-large wp-image-1898 lazyload\" alt=\"\" data-srcset=\"https:\/\/www.derbio.com\/wp-content\/uploads\/2024\/09\/IMG_8241_mod-884x1024.webp 884w, https:\/\/www.derbio.com\/wp-content\/uploads\/2024\/09\/IMG_8241_mod-259x300.webp 259w, https:\/\/www.derbio.com\/wp-content\/uploads\/2024\/09\/IMG_8241_mod-768x890.webp 768w, https:\/\/www.derbio.com\/wp-content\/uploads\/2024\/09\/IMG_8241_mod.webp 1149w\" data-sizes=\"(max-width: 800px) 100vw, 800px\" src=\"data:image\/svg+xml;base64,PHN2ZyB3aWR0aD0iMSIgaGVpZ2h0PSIxIiB4bWxucz0iaHR0cDovL3d3dy53My5vcmcvMjAwMC9zdmciPjwvc3ZnPg==\" style=\"--smush-placeholder-width: 800px; --smush-placeholder-aspect-ratio: 800\/927;\" \/>\t\t\t\t\t\t\t\t\t\t\t\t\t\t\t<\/div>\n\t\t\t\t<\/div>\n\t\t\t\t<\/div>\n\t\t\t\t<div class=\"elementor-element elementor-element-eefe3ad elementor-view-default elementor-position-block-start elementor-mobile-position-block-start elementor-widget elementor-widget-icon-box\" data-id=\"eefe3ad\" data-element_type=\"widget\" data-e-type=\"widget\" data-widget_type=\"icon-box.default\">\n\t\t\t\t<div class=\"elementor-widget-container\">\n\t\t\t\t\t\t\t<div class=\"elementor-icon-box-wrapper\">\n\n\t\t\t\t\t\t<div class=\"elementor-icon-box-icon\">\n\t\t\t\t<span  class=\"elementor-icon\">\n\t\t\t\t<svg xmlns=\"http:\/\/www.w3.org\/2000\/svg\" id=\"babd51c6-232f-4668-aa27-cf262924e93d\" data-name=\"Layer 1\" width=\"61.8\" height=\"53.9999\" viewBox=\"0 0 61.8 53.9999\"><path d=\"M58.6,34.2a11.0935,11.0935,0,0,0-8.4-3.6,4.0745,4.0745,0,0,1-3-1,4.5281,4.5281,0,0,1-1-3q0-6.6,4.8-13A39.3606,39.3606,0,0,1,62,3.4L59.8.2Q47.2,6.4,41,15.6a35.6044,35.6044,0,0,0-6,20.2q0,8.2,4,13.4a13.8883,13.8883,0,0,0,11.2,5A11.7892,11.7892,0,0,0,58.6,51a11.0936,11.0936,0,0,0,3.6-8.4A11.0936,11.0936,0,0,0,58.6,34.2Z\" transform=\"translate(-0.4 -0.2)\"><\/path><path d=\"M15.6,30.6a4.0745,4.0745,0,0,1-3-1,4.5281,4.5281,0,0,1-1-3q0-6.6,4.8-13a39.3606,39.3606,0,0,1,11-10.2L25.2.2Q12.6,6.4,6.4,15.6a35.6044,35.6044,0,0,0-6,20.2q0,8.2,4,13.4a13.8883,13.8883,0,0,0,11.2,5A11.7892,11.7892,0,0,0,24,51a11.0936,11.0936,0,0,0,3.6-8.4A11.0936,11.0936,0,0,0,24,34.2,11.0935,11.0935,0,0,0,15.6,30.6Z\" transform=\"translate(-0.4 -0.2)\"><\/path><\/svg>\t\t\t\t<\/span>\n\t\t\t<\/div>\n\t\t\t\n\t\t\t\t\t\t<div class=\"elementor-icon-box-content\">\n\n\t\t\t\t\t\t\t\t\t<h3 class=\"elementor-icon-box-title\">\n\t\t\t\t\t\t<span  >\n\t\t\t\t\t\t\tDer Ruf des Unternehmens beruht auf seiner F\u00e4higkeit, ma\u00dfgeschneiderte, qualitativ hochwertige L\u00f6sungen anzubieten, die seine technische Exzellenz best\u00e4tigen.\t\t\t\t\t\t<\/span>\n\t\t\t\t\t<\/h3>\n\t\t\t\t\n\t\t\t\t\n\t\t\t<\/div>\n\t\t\t\n\t\t<\/div>\n\t\t\t\t\t\t<\/div>\n\t\t\t\t<\/div>\n\t\t\t\t<\/div>\n\t\t\t\t\t<\/div>\n\t\t\t\t<\/div>\n\t\t<div class=\"elementor-element elementor-element-2785a01 e-flex e-con-boxed e-con e-parent\" data-id=\"2785a01\" data-element_type=\"container\" data-e-type=\"container\" data-settings=\"{&quot;background_background&quot;:&quot;classic&quot;}\">\n\t\t\t\t\t<div class=\"e-con-inner\">\n\t\t<div class=\"elementor-element elementor-element-5f0497c e-con-full e-flex e-con e-child\" data-id=\"5f0497c\" data-element_type=\"container\" data-e-type=\"container\" data-settings=\"{&quot;background_background&quot;:&quot;classic&quot;}\">\n\t\t\t\t<div class=\"elementor-element elementor-element-3f6c282 elementor-hidden-tablet elementor-hidden-mobile_extra elementor-hidden-mobile elementor-widget elementor-widget-image\" data-id=\"3f6c282\" data-element_type=\"widget\" data-e-type=\"widget\" data-widget_type=\"image.default\">\n\t\t\t\t<div class=\"elementor-widget-container\">\n\t\t\t\t\t\t\t\t\t\t\t\t\t\t\t\t<a href=\"https:\/\/www.derbio.com\/wp-content\/uploads\/2025\/05\/ISO-certificate-EN-2025-2028-1.jpg\" target=\"_blank\">\n\t\t\t\t\t\t\t<img decoding=\"async\" data-src=\"https:\/\/www.derbio.com\/wp-content\/uploads\/2025\/05\/ISO-certificate-EN-2025-2028-1.jpg\" title=\"\" alt=\"\" src=\"data:image\/svg+xml;base64,PHN2ZyB3aWR0aD0iMSIgaGVpZ2h0PSIxIiB4bWxucz0iaHR0cDovL3d3dy53My5vcmcvMjAwMC9zdmciPjwvc3ZnPg==\" class=\"lazyload\" style=\"--smush-placeholder-width: 1240px; --smush-placeholder-aspect-ratio: 1240\/1754;\" \/>\t\t\t\t\t\t\t\t<\/a>\n\t\t\t\t\t\t\t\t\t\t\t\t\t\t\t<\/div>\n\t\t\t\t<\/div>\n\t\t\t\t<div class=\"elementor-element elementor-element-8c75fa7 elementor-hidden-tablet elementor-hidden-mobile_extra elementor-hidden-mobile elementor-widget elementor-widget-image\" data-id=\"8c75fa7\" data-element_type=\"widget\" data-e-type=\"widget\" data-widget_type=\"image.default\">\n\t\t\t\t<div class=\"elementor-widget-container\">\n\t\t\t\t\t\t\t\t\t\t\t\t\t\t\t\t<a href=\"https:\/\/www.derbio.com\/wp-content\/uploads\/2025\/05\/ISO-certificato-IT-2025-2028-1.jpg\" target=\"_blank\">\n\t\t\t\t\t\t\t<img decoding=\"async\" data-src=\"https:\/\/www.derbio.com\/wp-content\/uploads\/2025\/05\/ISO-certificato-IT-2025-2028-1.jpg\" title=\"\" alt=\"\" src=\"data:image\/svg+xml;base64,PHN2ZyB3aWR0aD0iMSIgaGVpZ2h0PSIxIiB4bWxucz0iaHR0cDovL3d3dy53My5vcmcvMjAwMC9zdmciPjwvc3ZnPg==\" class=\"lazyload\" style=\"--smush-placeholder-width: 1240px; --smush-placeholder-aspect-ratio: 1240\/1754;\" \/>\t\t\t\t\t\t\t\t<\/a>\n\t\t\t\t\t\t\t\t\t\t\t\t\t\t\t<\/div>\n\t\t\t\t<\/div>\n\t\t\t\t<\/div>\n\t\t<div class=\"elementor-element elementor-element-e5a52d1 e-con-full e-flex e-con e-child\" data-id=\"e5a52d1\" data-element_type=\"container\" data-e-type=\"container\">\n\t\t\t\t<div class=\"elementor-element elementor-element-758b54c elementor-widget elementor-widget-heading\" data-id=\"758b54c\" data-element_type=\"widget\" data-e-type=\"widget\" data-widget_type=\"heading.default\">\n\t\t\t\t<div class=\"elementor-widget-container\">\n\t\t\t\t\t<h3 class=\"elementor-heading-title elementor-size-default\">Qualit\u00e4tspolitik<\/h3>\t\t\t\t<\/div>\n\t\t\t\t<\/div>\n\t\t\t\t<div class=\"elementor-element elementor-element-4ca2cdd elementor-widget elementor-widget-text-editor\" data-id=\"4ca2cdd\" data-element_type=\"widget\" data-e-type=\"widget\" data-widget_type=\"text-editor.default\">\n\t\t\t\t<div class=\"elementor-widget-container\">\n\t\t\t\t\t\t\t\t\t<p>DERBIO hat die Zertifizierung UNI EN ISO 9001 f\u00fcr die Entwicklung und Herstellung von Transformatoren erhalten, die von der Zertifizierungsstelle DNV ausgestellt wurde.<\/p><p>Wir bei DERBIO verpflichten uns, dank st\u00e4ndiger Investitionen in Technologie, Instrumentierung und Kompetenzentwicklung die h\u00f6chste Qualit\u00e4t und Konformit\u00e4t unserer Produkte zu gew\u00e4hrleisten.<\/p><p>Um die Zertifizierungsprozesse der Kunden zu vereinfachen, verwendet DERBIO UL-Komponentenfamilien, die eine schnellere und effizientere Zertifizierung gem\u00e4\u00df den geforderten Standards erm\u00f6glichen.<\/p>\t\t\t\t\t\t\t\t<\/div>\n\t\t\t\t<\/div>\n\t\t\t\t<\/div>\n\t\t\t\t\t<\/div>\n\t\t\t\t<\/div>\n\t\t\t\t<\/div>\n\t\t","protected":false},"excerpt":{"rendered":"<p>unsere erfahrung seit vier jahrzehnten Die Wurzeln Unsere Geschichte Derbio wurde 1985 gegr\u00fcndet und begann als Hersteller von Industrietransformatoren f\u00fcr Hochfrequenzumrichter. Anfangs konzentrierte sich das Unternehmen auf einen aufstrebenden Technologiesektor in Italien und erwarb schnell ein hohes Ma\u00df an Fachwissen in diesem Bereich. Im Laufe der Jahre ist Derbio kontinuierlich gewachsen und hat seine Produktpalette [&hellip;]<\/p>\n","protected":false},"author":2,"featured_media":1903,"parent":0,"menu_order":0,"comment_status":"closed","ping_status":"closed","template":"elementor_header_footer","meta":{"footnotes":""},"class_list":["post-1891","page","type-page","status-publish","has-post-thumbnail","hentry"],"_links":{"self":[{"href":"https:\/\/www.derbio.com\/de\/wp-json\/wp\/v2\/pages\/1891","targetHints":{"allow":["GET"]}}],"collection":[{"href":"https:\/\/www.derbio.com\/de\/wp-json\/wp\/v2\/pages"}],"about":[{"href":"https:\/\/www.derbio.com\/de\/wp-json\/wp\/v2\/types\/page"}],"author":[{"embeddable":true,"href":"https:\/\/www.derbio.com\/de\/wp-json\/wp\/v2\/users\/2"}],"replies":[{"embeddable":true,"href":"https:\/\/www.derbio.com\/de\/wp-json\/wp\/v2\/comments?post=1891"}],"version-history":[{"count":4,"href":"https:\/\/www.derbio.com\/de\/wp-json\/wp\/v2\/pages\/1891\/revisions"}],"predecessor-version":[{"id":2261,"href":"https:\/\/www.derbio.com\/de\/wp-json\/wp\/v2\/pages\/1891\/revisions\/2261"}],"wp:featuredmedia":[{"embeddable":true,"href":"https:\/\/www.derbio.com\/de\/wp-json\/wp\/v2\/media\/1903"}],"wp:attachment":[{"href":"https:\/\/www.derbio.com\/de\/wp-json\/wp\/v2\/media?parent=1891"}],"curies":[{"name":"wp","href":"https:\/\/api.w.org\/{rel}","templated":true}]}}